{"id":7417,"date":"2023-09-18T14:43:21","date_gmt":"2023-09-18T12:43:21","guid":{"rendered":"http:\/\/prueba.fundacionginer.org\/?page_id=7417"},"modified":"2023-09-18T14:44:31","modified_gmt":"2023-09-18T12:44:31","slug":"inscripcion-curso-musica-medieval","status":"publish","type":"page","link":"https:\/\/prueba.fundacionginer.org\/en\/inscripcion-curso-musica-medieval\/","title":{"rendered":"Enrollment course medieval music"},"content":{"rendered":"<div class=\"wpb-content-wrapper\"><style>@media (min-width: 1200px) { .liquid-row-responsive-69e780722e1c9 {padding-top:50px !important; padding-bottom:60px !important;  }  }   <\/style><section class=\"vc_row wpb_row vc_row-fluid vc_custom_1695041070482 row-contains-padding-bottom liquid-row-responsive-69e780722e1c9 liquid-row-shadowbox-69e780722e1df vc_row-o-content-middle vc_row-flex\"><div class=\"ld-container container\"><div class=\"row ld-row\"><div class=\"wpb_column vc_column_container vc_col-sm-2 liquid-column-69e780722e314\"><div class=\"vc_column-inner\"><div class=\"wpb_wrapper \"   ><div class=\"wpb_wrapper-inner\"><\/div><\/div><\/div><\/div><div class=\"wpb_column vc_column_container vc_col-sm-8 liquid-column-69e780722e3a8\"><div class=\"vc_column-inner\"><div class=\"wpb_wrapper \"   ><div class=\"wpb_wrapper-inner\"><style>.ld_fancy_heading_69e780722e933 h2 {margin-bottom:0px !important;  } .ld_fancy_heading_69e780722e933 .lqd-highlight-inner{height:0.275em;bottom:0px;}.ld_fancy_heading_69e780722e933 h2 {margin-bottom:0px !important;  } <\/style><div class=\"ld-fancy-heading text-uppercase ld_fancy_heading_69e780722e933\">\n\t<h2 class=\"lqd-highlight-underline lqd-highlight-grow-left\" data-fittext=\"true\" data-fittext-options='{\"compressor\":0.5,\"maxFontSize\":\"currentFontSize\",\"minFontSize\":\"\"}'><span class=\"ld-fh-txt\"> Suscripci\u00f3n Curso M\u00fasica Medieval<\/span><\/h2><\/div><div class=\"wpforms-container wpforms-container-full\" id=\"wpforms-7411\"><form id=\"wpforms-form-7411\" class=\"wpforms-validate wpforms-form wpforms-ajax-form\" data-formid=\"7411\" method=\"post\" enctype=\"multipart\/form-data\" action=\"\/en\/wp-json\/wp\/v2\/pages\/7417\" data-token=\"d59d78d1600ce4510811f27233617722\"><noscript class=\"wpforms-error-noscript\">Please enable JavaScript in your browser to complete this form.<\/noscript><div class=\"wpforms-field-container\"><div id=\"wpforms-7411-field_7-container\" class=\"wpforms-field wpforms-field-html datosform\" data-field-id=\"7\"><div id=\"wpforms-7411-field_7\"><h1>Seleccione el curso en el que desea inscribirse<\/h1><\/div><\/div><div id=\"wpforms-7411-field_11-container\" class=\"wpforms-field wpforms-field-html titulosform\" data-field-id=\"11\"><div id=\"wpforms-7411-field_11\"><h1 style=\"font-family:roboto; color:#808291; font-weight:600; padding-bottom:0px;\">Cursos de iniciaci\u00f3n<\/h1><\/div><\/div><div id=\"wpforms-7411-field_4-container\" class=\"wpforms-field wpforms-field-checkbox\" data-field-id=\"4\"><label class=\"wpforms-field-label wpforms-label-hide\" for=\"wpforms-7411-field_4\">Cursos iniciaci\u00f3n<\/label><ul id=\"wpforms-7411-field_4\"><li class=\"choice-1 depth-1\"><input type=\"checkbox\" id=\"wpforms-7411-field_4_1\" name=\"wpforms[fields][4][]\" value=\"INICIACI\u00d3N A LAS M\u00daSICAS DE LA EDAD MEDIA (II)\"  ><label class=\"wpforms-field-label-inline\" for=\"wpforms-7411-field_4_1\">INICIACI\u00d3N A LAS M\u00daSICAS DE LA EDAD MEDIA (II)<\/label><\/li><\/ul><\/div><div id=\"wpforms-7411-field_8-container\" class=\"wpforms-field wpforms-field-html titulosform\" data-field-id=\"8\"><div id=\"wpforms-7411-field_8\"><h1 style=\"font-family:roboto; color:#808291; font-weight:600; padding-bottom:0px;\">Cursos de especializaci\u00f3n<\/h1><\/div><\/div><div id=\"wpforms-7411-field_6-container\" class=\"wpforms-field wpforms-field-checkbox wpforms-conditional-trigger\" data-field-id=\"6\"><label class=\"wpforms-field-label wpforms-label-hide\" for=\"wpforms-7411-field_6\">Cursos de especializaci\u00f3n<\/label><ul id=\"wpforms-7411-field_6\"><li class=\"choice-2 depth-1\"><input type=\"checkbox\" id=\"wpforms-7411-field_6_2\" name=\"wpforms[fields][6][]\" value=\"MODALIDAD MEDIEVAL. MONODIA I bis: EL GESTO y LA L\u00cdNEA\"  ><label class=\"wpforms-field-label-inline\" for=\"wpforms-7411-field_6_2\">MODALIDAD MEDIEVAL. MONODIA I bis: EL GESTO y LA L\u00cdNEA<\/label><\/li><\/ul><\/div><div id=\"wpforms-7411-field_5-container\" class=\"wpforms-field wpforms-field-textarea wpforms-conditional-field wpforms-conditional-show\" data-field-id=\"5\" style=\"display:none;\"><label class=\"wpforms-field-label wpforms-label-hide\" for=\"wpforms-7411-field_5\">Descripci\u00f3n polifan\u00edas<\/label><textarea id=\"wpforms-7411-field_5\" class=\"wpforms-field-medium\" name=\"wpforms[fields][5]\" ><\/textarea><div class=\"wpforms-field-description\">(En el caso de que no cursara el curso \"MODALIDAD MEDIEVAL. MONODIA I\" en 2022-23, rogamos que cumplimente el siguiente espacio con una breve descripci\u00f3n de su experiencia en monodia medieval y con su motivaci\u00f3n para inscribirse al curso).<\/div><\/div><div id=\"wpforms-7411-field_13-container\" class=\"wpforms-field wpforms-field-checkbox\" data-field-id=\"13\"><label class=\"wpforms-field-label wpforms-label-hide\" for=\"wpforms-7411-field_13\">Cursos de especializaci\u00f3n 2<\/label><ul id=\"wpforms-7411-field_13\"><li class=\"choice-4 depth-1\"><input type=\"checkbox\" id=\"wpforms-7411-field_13_4\" name=\"wpforms[fields][13][]\" value=\"LAS POLIFONIAS FRANCESAS DEL SIGLO XIV: de PIERRE DE LA CROIX A GUILLAUME DE MACHAUT (POLIFON\u00cdA V)\"  ><label class=\"wpforms-field-label-inline\" for=\"wpforms-7411-field_13_4\">LAS POLIFONIAS FRANCESAS DEL SIGLO XIV: de PIERRE DE LA CROIX A GUILLAUME DE MACHAUT (POLIFON\u00cdA V)<\/label><\/li><\/ul><\/div><div id=\"wpforms-7411-field_10-container\" class=\"wpforms-field wpforms-field-html titulosform\" data-field-id=\"10\"><div id=\"wpforms-7411-field_10\"><h1 style=\"font-family:roboto; color:#808291; font-weight:600; padding-bottom:0px;\">Cursos anuales<\/h1><\/div><\/div><div id=\"wpforms-7411-field_9-container\" class=\"wpforms-field wpforms-field-checkbox wpforms-conditional-trigger\" data-field-id=\"9\"><label class=\"wpforms-field-label\" for=\"wpforms-7411-field_9\">Monogr\u00e1ficos<\/label><ul id=\"wpforms-7411-field_9\"><li class=\"choice-2 depth-1\"><input type=\"checkbox\" id=\"wpforms-7411-field_9_2\" name=\"wpforms[fields][9][]\" value=\"EL OCTOECHOS: INTRODUCCI\u00d3N A LA MODALIDAD MEDIEVAL (18 y 19 de noviembre de 2023)\"  ><label class=\"wpforms-field-label-inline\" for=\"wpforms-7411-field_9_2\">EL OCTOECHOS: INTRODUCCI\u00d3N A LA MODALIDAD MEDIEVAL (18 y 19 de noviembre de 2023)<\/label><\/li><li class=\"choice-4 depth-1\"><input type=\"checkbox\" id=\"wpforms-7411-field_9_4\" name=\"wpforms[fields][9][]\" value=\"CURSO MAGISTRAL EN LA MONODIA MEDIEVAL CON EL ENSEMBLE GILLES BINCHOIS. (25 y 26 de noviembre de 2023)\"  ><label class=\"wpforms-field-label-inline\" for=\"wpforms-7411-field_9_4\">CURSO MAGISTRAL EN LA MONODIA MEDIEVAL CON EL ENSEMBLE GILLES BINCHOIS. (25 y 26 de noviembre de 2023)<\/label><\/li><\/ul><\/div><div id=\"wpforms-7411-field_12-container\" class=\"wpforms-field wpforms-field-textarea wpforms-conditional-field wpforms-conditional-show\" data-field-id=\"12\" style=\"display:none;\"><label class=\"wpforms-field-label wpforms-label-hide\" for=\"wpforms-7411-field_12\">Descripci\u00f3n curso magistral<\/label><textarea id=\"wpforms-7411-field_12\" class=\"wpforms-field-medium\" name=\"wpforms[fields][12]\" ><\/textarea><div class=\"wpforms-field-description\">Para la selecci\u00f3n de los candidatos para este curso se solicita que se cumplimente el siguiente espacio con una breve carta de motivaci\u00f3n presentando experiencia previa en monodia medieval, tanto para alumnos activos como para oyentes.<\/div><\/div><div id=\"wpforms-7411-field_14-container\" class=\"wpforms-field wpforms-field-checkbox\" data-field-id=\"14\"><label class=\"wpforms-field-label wpforms-label-hide\" for=\"wpforms-7411-field_14\">Monogr\u00e1ficos 2<\/label><ul id=\"wpforms-7411-field_14\"><li class=\"choice-2 depth-1\"><input type=\"checkbox\" id=\"wpforms-7411-field_14_2\" name=\"wpforms[fields][14][]\" value=\"LOS COLORES DE LOS SONIDOS EN LA MONODIA MEDIEVAL Y EN LAS PRIMERAS POLIFON\u00cdAS (20 y 21 de enero de 2024)\"  ><label class=\"wpforms-field-label-inline\" for=\"wpforms-7411-field_14_2\">LOS COLORES DE LOS SONIDOS EN LA MONODIA MEDIEVAL Y EN LAS PRIMERAS POLIFON\u00cdAS (20 y 21 de enero de 2024)<\/label><\/li><li class=\"choice-5 depth-1\"><input type=\"checkbox\" id=\"wpforms-7411-field_14_5\" name=\"wpforms[fields][14][]\" value=\"TRADICI\u00d3N ORAL Y TRADICI\u00d3N MANUSCRITA: CANTAR A HILDEGARD VON BINGEN (s. XII) (3 y 4 de febrero de 2024)\"  ><label class=\"wpforms-field-label-inline\" for=\"wpforms-7411-field_14_5\">TRADICI\u00d3N ORAL Y TRADICI\u00d3N MANUSCRITA: CANTAR A HILDEGARD VON BINGEN (s. XII) (3 y 4 de febrero de 2024)<\/label><\/li><li class=\"choice-6 depth-1\"><input type=\"checkbox\" id=\"wpforms-7411-field_14_6\" name=\"wpforms[fields][14][]\" value=\"Introducci\u00f3n al CANTO DE LA TRADICI\u00d3N INDIA DEL DHRUPAD . (6 y 7 de abril de 2024)\"  ><label class=\"wpforms-field-label-inline\" for=\"wpforms-7411-field_14_6\">Introducci\u00f3n al CANTO DE LA TRADICI\u00d3N INDIA DEL DHRUPAD . (6 y 7 de abril de 2024)<\/label><\/li><\/ul><\/div><div id=\"wpforms-7411-field_15-container\" class=\"wpforms-field wpforms-field-checkbox wpforms-conditional-trigger\" data-field-id=\"15\"><label class=\"wpforms-field-label\" for=\"wpforms-7411-field_15\">M\u00fasica en familia<\/label><ul id=\"wpforms-7411-field_15\"><li class=\"choice-2 depth-1\"><input type=\"checkbox\" id=\"wpforms-7411-field_15_2\" name=\"wpforms[fields][15][]\" value=\"Taller de construcci\u00f3n de un pandero cuadrado o &quot;adufe&quot; (18 y 19 de noviembre de 2023)\"  ><label class=\"wpforms-field-label-inline\" for=\"wpforms-7411-field_15_2\">Taller de construcci\u00f3n de un pandero cuadrado o \"adufe\" (18 y 19 de noviembre de 2023)<\/label><\/li><li class=\"choice-4 depth-1\"><input type=\"checkbox\" id=\"wpforms-7411-field_15_4\" name=\"wpforms[fields][15][]\" value=\"Taller de construcci\u00f3n de un monocordio (instrumento de cuerda) (3 y 4 de febrero de 2024)\"  ><label class=\"wpforms-field-label-inline\" for=\"wpforms-7411-field_15_4\">Taller de construcci\u00f3n de un monocordio (instrumento de cuerda) (3 y 4 de febrero de 2024)<\/label><\/li><\/ul><\/div><div id=\"wpforms-7411-field_16-container\" class=\"wpforms-field wpforms-field-textarea wpforms-conditional-field wpforms-conditional-show\" data-field-id=\"16\" style=\"display:none;\"><label class=\"wpforms-field-label wpforms-label-hide\" for=\"wpforms-7411-field_16\">Edad tandem m\u00fasica en familia<\/label><textarea id=\"wpforms-7411-field_16\" class=\"wpforms-field-medium\" name=\"wpforms[fields][16]\" ><\/textarea><div class=\"wpforms-field-description\">Se ruega se precisen los nombres del t\u00e1ndem adulto-ni\u00f1o inscrito, as\u00ed como la edad del menor en el espacio siguiente.<\/div><\/div><div id=\"wpforms-7411-field_20-container\" class=\"wpforms-field wpforms-field-html titulosform\" data-field-id=\"20\"><div id=\"wpforms-7411-field_20\"><h1 style=\"font-family:roboto; color:#808291; font-weight:600; padding-bottom:0px;\"> <\/h1><\/div><\/div><div id=\"wpforms-7411-field_22-container\" class=\"wpforms-field wpforms-field-layout\" data-field-id=\"22\"><label class=\"wpforms-field-label wpforms-label-hide\" for=\"wpforms-7411-field_22\">Dise\u00f1o<\/label><div class=\"wpforms-field-layout-columns wpforms-field-layout-preset-50-50\"><div class=\"wpforms-layout-column wpforms-layout-column-50\"><div id=\"wpforms-7411-field_26-container\" class=\"wpforms-field wpforms-field-text\" data-field-id=\"26\"><label class=\"wpforms-field-label\" for=\"wpforms-7411-field_26\">Nombre<\/label><input type=\"text\" id=\"wpforms-7411-field_26\" class=\"wpforms-field-medium\" name=\"wpforms[fields][26]\" ><\/div><div id=\"wpforms-7411-field_23-container\" class=\"wpforms-field wpforms-field-text\" data-field-id=\"23\"><label class=\"wpforms-field-label\" for=\"wpforms-7411-field_23\">DNI<\/label><input type=\"text\" id=\"wpforms-7411-field_23\" class=\"wpforms-field-medium\" name=\"wpforms[fields][23]\" ><\/div><\/div><div class=\"wpforms-layout-column wpforms-layout-column-50\"><div id=\"wpforms-7411-field_27-container\" class=\"wpforms-field wpforms-field-text\" data-field-id=\"27\"><label class=\"wpforms-field-label\" for=\"wpforms-7411-field_27\">Apellidos<\/label><input type=\"text\" id=\"wpforms-7411-field_27\" class=\"wpforms-field-medium\" name=\"wpforms[fields][27]\" ><\/div><div id=\"wpforms-7411-field_24-container\" class=\"wpforms-field wpforms-field-text\" data-field-id=\"24\"><label class=\"wpforms-field-label\" for=\"wpforms-7411-field_24\">Edad<\/label><input type=\"text\" id=\"wpforms-7411-field_24\" class=\"wpforms-field-medium\" name=\"wpforms[fields][24]\" ><\/div><\/div><\/div><\/div><div id=\"wpforms-7411-field_28-container\" class=\"wpforms-field wpforms-field-text\" data-field-id=\"28\"><label class=\"wpforms-field-label\" for=\"wpforms-7411-field_28\">Domicilio<\/label><input type=\"text\" id=\"wpforms-7411-field_28\" class=\"wpforms-field-large\" name=\"wpforms[fields][28]\" ><\/div><div id=\"wpforms-7411-field_29-container\" class=\"wpforms-field wpforms-field-layout\" data-field-id=\"29\"><label class=\"wpforms-field-label wpforms-label-hide\" for=\"wpforms-7411-field_29\">Dise\u00f1o (copia)<\/label><div class=\"wpforms-field-layout-columns wpforms-field-layout-preset-50-50\"><div class=\"wpforms-layout-column wpforms-layout-column-50\"><div id=\"wpforms-7411-field_30-container\" class=\"wpforms-field wpforms-field-text\" data-field-id=\"30\"><label class=\"wpforms-field-label\" for=\"wpforms-7411-field_30\">Localidad<\/label><input type=\"text\" id=\"wpforms-7411-field_30\" class=\"wpforms-field-medium\" name=\"wpforms[fields][30]\" ><\/div><div id=\"wpforms-7411-field_34-container\" class=\"wpforms-field wpforms-field-text\" data-field-id=\"34\"><label class=\"wpforms-field-label\" for=\"wpforms-7411-field_34\">Tel\u00e9fono<\/label><input type=\"text\" id=\"wpforms-7411-field_34\" class=\"wpforms-field-medium\" name=\"wpforms[fields][34]\" ><\/div><\/div><div class=\"wpforms-layout-column wpforms-layout-column-50\"><div id=\"wpforms-7411-field_33-container\" class=\"wpforms-field wpforms-field-text\" data-field-id=\"33\"><label class=\"wpforms-field-label\" for=\"wpforms-7411-field_33\">C\u00f3digo postal<\/label><input type=\"text\" id=\"wpforms-7411-field_33\" class=\"wpforms-field-medium\" name=\"wpforms[fields][33]\" ><\/div><div id=\"wpforms-7411-field_35-container\" class=\"wpforms-field wpforms-field-text\" data-field-id=\"35\"><label class=\"wpforms-field-label\" for=\"wpforms-7411-field_35\">Email<\/label><input type=\"text\" id=\"wpforms-7411-field_35\" class=\"wpforms-field-medium\" name=\"wpforms[fields][35]\" ><\/div><\/div><\/div><\/div><div id=\"wpforms-7411-field_36-container\" class=\"wpforms-field wpforms-field-text\" data-field-id=\"36\"><label class=\"wpforms-field-label\" for=\"wpforms-7411-field_36\">Indicar lugar de trabajo o estudio<\/label><input type=\"text\" id=\"wpforms-7411-field_36\" class=\"wpforms-field-large\" name=\"wpforms[fields][36]\" ><\/div><div id=\"wpforms-7411-field_37-container\" class=\"wpforms-field wpforms-field-textarea\" data-field-id=\"37\"><label class=\"wpforms-field-label\" for=\"wpforms-7411-field_37\">Experiencia musical<\/label><textarea id=\"wpforms-7411-field_37\" class=\"wpforms-field-medium\" name=\"wpforms[fields][37]\" ><\/textarea><div class=\"wpforms-field-description\">Si la tuviera, breve descripci\u00f3n de su actividad musical (profesional, estudiante, aficionado...) especificando, su experiencia en la m\u00fasica medieval y\/o en la m\u00fasica de tradici\u00f3n oral, de nuevo. (Para los cursos en familia, por favor, especifique la edad del menor con el que se inscribe)<\/div><\/div><div id=\"wpforms-7411-field_19-container\" class=\"wpforms-field wpforms-field-html titulosform\" data-field-id=\"19\"><div id=\"wpforms-7411-field_19\"><h1 style=\"font-family:roboto; color:#808291; font-weight:600; padding-bottom:0px;\"> <\/h1><\/div><\/div><div id=\"wpforms-7411-field_3-container\" class=\"wpforms-field wpforms-field-checkbox\" data-field-id=\"3\"><label class=\"wpforms-field-label wpforms-label-hide\" for=\"wpforms-7411-field_3\">legal <span class=\"wpforms-required-label\">*<\/span><\/label><ul id=\"wpforms-7411-field_3\" class=\"wpforms-field-required\"><li class=\"choice-1 depth-1\"><input type=\"checkbox\" id=\"wpforms-7411-field_3_1\" name=\"wpforms[fields][3][]\" value=\"He le\u00eddo y acepto la pol\u00edtica de privacidad recogida de forma resumida en \" required ><label class=\"wpforms-field-label-inline\" for=\"wpforms-7411-field_3_1\">He le\u00eddo y acepto la pol\u00edtica de privacidad recogida de forma resumida en <\/label><\/li><\/ul><div class=\"wpforms-field-description\"><span class='pum-trigger  popmake-7248  spanpopup' data-do-default=''> la siguiente  tabla<\/span><\/div><\/div><\/div><!-- .wpforms-field-container --><div class=\"wpforms-submit-container\" ><input type=\"hidden\" name=\"wpforms[id]\" value=\"7411\"><input type=\"hidden\" name=\"wpforms[author]\" value=\"1\"><button type=\"submit\" name=\"wpforms[submit]\" id=\"wpforms-submit-7411\" class=\"wpforms-submit\" data-alt-text=\"Enviando...\" data-submit-text=\"Enviar\" aria-live=\"assertive\" value=\"wpforms-submit\">Enviar<\/button><img decoding=\"async\" src=\"https:\/\/prueba.fundacionginer.org\/wp-content\/plugins\/wpforms\/assets\/images\/submit-spin.svg\" class=\"wpforms-submit-spinner\" style=\"display: none;\" width=\"26\" height=\"26\" alt=\"Loading\"><\/div><\/form><\/div>  <!-- .wpforms-container --><\/div><\/div><\/div><\/div><div class=\"wpb_column vc_column_container vc_col-sm-2 liquid-column-69e78072300e1\"><div class=\"vc_column-inner\"><div class=\"wpb_wrapper \"   ><div class=\"wpb_wrapper-inner\"><\/div><\/div><\/div><\/div><\/div><\/div><\/section>\n<\/div>","protected":false},"excerpt":{"rendered":"Suscripci\u00f3n Curso M\u00fasica MedievalPlease enable JavaScript in your browser to complete this form.Seleccione el curso...","protected":false},"author":1,"featured_media":0,"parent":0,"menu_order":0,"comment_status":"closed","ping_status":"closed","template":"","meta":{"_acf_changed":false,"footnotes":""},"class_list":["post-7417","page","type-page","status-publish","hentry"],"acf":[],"_links":{"self":[{"href":"https:\/\/prueba.fundacionginer.org\/en\/wp-json\/wp\/v2\/pages\/7417","targetHints":{"allow":["GET"]}}],"collection":[{"href":"https:\/\/prueba.fundacionginer.org\/en\/wp-json\/wp\/v2\/pages"}],"about":[{"href":"https:\/\/prueba.fundacionginer.org\/en\/wp-json\/wp\/v2\/types\/page"}],"author":[{"embeddable":true,"href":"https:\/\/prueba.fundacionginer.org\/en\/wp-json\/wp\/v2\/users\/1"}],"replies":[{"embeddable":true,"href":"https:\/\/prueba.fundacionginer.org\/en\/wp-json\/wp\/v2\/comments?post=7417"}],"version-history":[{"count":3,"href":"https:\/\/prueba.fundacionginer.org\/en\/wp-json\/wp\/v2\/pages\/7417\/revisions"}],"predecessor-version":[{"id":7420,"href":"https:\/\/prueba.fundacionginer.org\/en\/wp-json\/wp\/v2\/pages\/7417\/revisions\/7420"}],"wp:attachment":[{"href":"https:\/\/prueba.fundacionginer.org\/en\/wp-json\/wp\/v2\/media?parent=7417"}],"curies":[{"name":"wp","href":"https:\/\/api.w.org\/{rel}","templated":true}]}}