{"id":6578,"date":"2023-02-27T17:28:19","date_gmt":"2023-02-27T15:28:19","guid":{"rendered":"http:\/\/prueba.fundacionginer.org\/amigos-ile-copy\/"},"modified":"2023-02-27T17:47:30","modified_gmt":"2023-02-27T15:47:30","slug":"suscripcion-bile","status":"publish","type":"page","link":"https:\/\/prueba.fundacionginer.org\/en\/suscripcion-bile\/","title":{"rendered":"Subscribe to the BILE"},"content":{"rendered":"<div class=\"wpb-content-wrapper\"><style>@media (min-width: 1200px) { .liquid-row-responsive-69e376331c104 {padding-top:50px !important; padding-bottom:100px !important;  }  }   <\/style><section class=\"vc_row wpb_row vc_row-fluid vc_custom_1677512832908 row-contains-padding-top row-contains-padding-bottom liquid-row-responsive-69e376331c104 liquid-row-shadowbox-69e376331c115\"><div class=\"ld-container container\"><div class=\"row ld-row\"><div class=\"wpb_column vc_column_container vc_col-sm-4 liquid-column-69e376331c231\"><div class=\"vc_column-inner\"><div class=\"wpb_wrapper \"   ><div class=\"wpb_wrapper-inner\"><div class=\"vc_row wpb_row vc_inner vc_row-fluid vc_custom_1677512237831 liquid-row-shadowbox-69e376331c3c8 vc_row-has-fill\"><div class=\"wpb_column vc_column_container vc_col-sm-12 liquid-column-69e376331c5c7\"><div class=\"vc_column-inner\"><div class=\"wpb_wrapper \"  ><div class=\"wpb_wrapper-inner\">\n\t<div class=\"wpb_text_column wpb_content_element\" >\n\t\t<div class=\"wpb_wrapper\">\n\t\t\t<p><span style=\"font-size: 18px;\"><strong>Suscripci\u00f3n (cuatro n\u00fameros)<\/strong><\/span><\/p>\n\n\t\t<\/div>\n\t<\/div>\n\n\t<div class=\"wpb_text_column wpb_content_element\" >\n\t\t<div class=\"wpb_wrapper\">\n\t\t\t<p>Espa\u00f1a: 20\u20ac<br \/>\nExtranjero: 32\u20ac<\/p>\n\n\t\t<\/div>\n\t<\/div>\n<\/div><\/div><\/div><\/div><\/div><style>.ld_spacer_69e376331c6c6{height:28px;}<\/style>\n<div class=\"ld-empty-space ld_spacer_69e376331c6c6\"><span class=\"liquid_empty_space_inner\"><\/span><\/div><div class=\"vc_row wpb_row vc_inner vc_row-fluid vc_custom_1677512237831 liquid-row-shadowbox-69e376331c7c6 vc_row-has-fill\"><div class=\"wpb_column vc_column_container vc_col-sm-12 liquid-column-69e376331c92d\"><div class=\"vc_column-inner\"><div class=\"wpb_wrapper \"  ><div class=\"wpb_wrapper-inner\">\n\t<div class=\"wpb_text_column wpb_content_element\" >\n\t\t<div class=\"wpb_wrapper\">\n\t\t\t<p><span style=\"font-size: 18px;\"><strong>N\u00famero suelto<\/strong><\/span><\/p>\n\n\t\t<\/div>\n\t<\/div>\n\n\t<div class=\"wpb_text_column wpb_content_element\" >\n\t\t<div class=\"wpb_wrapper\">\n\t\t\t<p>Espa\u00f1a: 6\u20ac<br \/>\nExtranjero: 10\u20ac<\/p>\n\n\t\t<\/div>\n\t<\/div>\n<\/div><\/div><\/div><\/div><\/div><style>.ld_spacer_69e376331ca07{height:28px;}<\/style>\n<div class=\"ld-empty-space ld_spacer_69e376331ca07\"><span class=\"liquid_empty_space_inner\"><\/span><\/div><div class=\"vc_row wpb_row vc_inner vc_row-fluid vc_custom_1677512237831 liquid-row-shadowbox-69e376331cb00 vc_row-has-fill\"><div class=\"wpb_column vc_column_container vc_col-sm-12 liquid-column-69e376331cc5a\"><div class=\"vc_column-inner\"><div class=\"wpb_wrapper \"  ><div class=\"wpb_wrapper-inner\">\n\t<div class=\"wpb_text_column wpb_content_element\" >\n\t\t<div class=\"wpb_wrapper\">\n\t\t\t<p><span style=\"font-size: 18px;\"><strong>N\u00famero doble<\/strong><\/span><\/p>\n\n\t\t<\/div>\n\t<\/div>\n\n\t<div class=\"wpb_text_column wpb_content_element\" >\n\t\t<div class=\"wpb_wrapper\">\n\t\t\t<p>Espa\u00f1a: 10\u20ac<br \/>\nExtranjero: 14\u20ac<\/p>\n\n\t\t<\/div>\n\t<\/div>\n<\/div><\/div><\/div><\/div><\/div><style>.ld_spacer_69e376331cd17{height:28px;}<\/style>\n<div class=\"ld-empty-space ld_spacer_69e376331cd17\"><span class=\"liquid_empty_space_inner\"><\/span><\/div>\n\t<div class=\"wpb_text_column wpb_content_element\" >\n\t\t<div class=\"wpb_wrapper\">\n\t\t\t<p>Los datos recogidos en esta solicitud son confidenciales y s\u00f3lo podr\u00e1n ser utilizados para el env\u00edo de informaci\u00f3n relacionada con la Fundaci\u00f3n Francisco Giner de los R\u00edos. Usted tiene derecho a solicitar que le sean consultados, actualizados o anulados todos los datos que facilite.<\/p>\n\n\t\t<\/div>\n\t<\/div>\n<\/div><\/div><\/div><\/div><div class=\"wpb_column vc_column_container vc_col-sm-1 liquid-column-69e376331ce00\"><div class=\"vc_column-inner\"><div class=\"wpb_wrapper \"   ><div class=\"wpb_wrapper-inner\"><\/div><\/div><\/div><\/div><div class=\"wpb_column vc_column_container vc_col-sm-6 liquid-column-69e376331ce75\"><div class=\"vc_column-inner\"><div class=\"wpb_wrapper \"   ><div class=\"wpb_wrapper-inner\"><style>.ld_fancy_heading_69e376331f308 h2 {margin-bottom:0px !important;  } .ld_fancy_heading_69e376331f308 .lqd-highlight-inner{height:0.275em;bottom:0px;}.ld_fancy_heading_69e376331f308 h2 {margin-bottom:0px !important;  } <\/style><div class=\"ld-fancy-heading text-uppercase ld_fancy_heading_69e376331f308\">\n\t<h2 class=\"lqd-highlight-underline lqd-highlight-grow-left\" data-fittext=\"true\" data-fittext-options='{\"compressor\":0.5,\"maxFontSize\":\"currentFontSize\",\"minFontSize\":\"\"}'><span class=\"ld-fh-txt\"> Solicitud de suscripci\u00f3n<\/span><\/h2><\/div><div class=\"wpforms-container wpforms-container-full\" id=\"wpforms-6594\"><form id=\"wpforms-form-6594\" class=\"wpforms-validate wpforms-form wpforms-ajax-form\" data-formid=\"6594\" method=\"post\" enctype=\"multipart\/form-data\" action=\"\/en\/wp-json\/wp\/v2\/pages\/6578\" data-token=\"23f6e626c8e5e57b2a1bc4dd12a0ee15\"><noscript class=\"wpforms-error-noscript\">Please enable JavaScript in your browser to complete this form.<\/noscript><div class=\"wpforms-field-container\"><div id=\"wpforms-6594-field_1-container\" class=\"wpforms-field wpforms-field-text wpforms-one-half wpforms-first\" data-field-id=\"1\"><label class=\"wpforms-field-label\" for=\"wpforms-6594-field_1\">Nombre<\/label><input type=\"text\" id=\"wpforms-6594-field_1\" class=\"wpforms-field-large\" name=\"wpforms[fields][1]\" ><\/div><div id=\"wpforms-6594-field_2-container\" class=\"wpforms-field wpforms-field-text wpforms-one-half\" data-field-id=\"2\"><label class=\"wpforms-field-label\" for=\"wpforms-6594-field_2\">Apellidos<\/label><input type=\"text\" id=\"wpforms-6594-field_2\" class=\"wpforms-field-large\" name=\"wpforms[fields][2]\" ><\/div><div id=\"wpforms-6594-field_3-container\" class=\"wpforms-field wpforms-field-text wpforms-two-thirds wpforms-first\" data-field-id=\"3\"><label class=\"wpforms-field-label\" for=\"wpforms-6594-field_3\">Direcci\u00f3n<\/label><input type=\"text\" id=\"wpforms-6594-field_3\" class=\"wpforms-field-large\" name=\"wpforms[fields][3]\" ><\/div><div id=\"wpforms-6594-field_5-container\" class=\"wpforms-field wpforms-field-text wpforms-one-third\" data-field-id=\"5\"><label class=\"wpforms-field-label\" for=\"wpforms-6594-field_5\">CP<\/label><input type=\"text\" id=\"wpforms-6594-field_5\" class=\"wpforms-field-large\" name=\"wpforms[fields][5]\" ><\/div><div id=\"wpforms-6594-field_4-container\" class=\"wpforms-field wpforms-field-text wpforms-one-half wpforms-first\" data-field-id=\"4\"><label class=\"wpforms-field-label\" for=\"wpforms-6594-field_4\">Ciudad<\/label><input type=\"text\" id=\"wpforms-6594-field_4\" class=\"wpforms-field-large\" name=\"wpforms[fields][4]\" ><\/div><div id=\"wpforms-6594-field_6-container\" class=\"wpforms-field wpforms-field-text wpforms-one-half\" data-field-id=\"6\"><label class=\"wpforms-field-label\" for=\"wpforms-6594-field_6\">Pa\u00eds<\/label><input type=\"text\" id=\"wpforms-6594-field_6\" class=\"wpforms-field-large\" name=\"wpforms[fields][6]\" ><\/div><div id=\"wpforms-6594-field_7-container\" class=\"wpforms-field wpforms-field-text wpforms-one-half wpforms-first\" data-field-id=\"7\"><label class=\"wpforms-field-label\" for=\"wpforms-6594-field_7\">Tel\u00e9fono<\/label><input type=\"text\" id=\"wpforms-6594-field_7\" class=\"wpforms-field-large\" name=\"wpforms[fields][7]\" ><\/div><div id=\"wpforms-6594-field_8-container\" class=\"wpforms-field wpforms-field-text wpforms-one-half\" data-field-id=\"8\"><label class=\"wpforms-field-label\" for=\"wpforms-6594-field_8\">Email<\/label><input type=\"text\" id=\"wpforms-6594-field_8\" class=\"wpforms-field-large\" name=\"wpforms[fields][8]\" ><\/div><div id=\"wpforms-6594-field_9-container\" class=\"wpforms-field wpforms-field-radio\" data-field-id=\"9\"><label class=\"wpforms-field-label\" for=\"wpforms-6594-field_9\">Deseo suscribirme al BOLET\u00cdN DE LA INSTITUCI\u00d3N LIBRE DE ENSE\u00d1ANZA, cuyo importe abonar\u00e9 mediante:<\/label><ul id=\"wpforms-6594-field_9\"><li class=\"choice-1 depth-1\"><input type=\"radio\" id=\"wpforms-6594-field_9_1\" name=\"wpforms[fields][9]\" value=\"Tal\u00f3n nominativo a nombre de la Fundaci\u00f3n Francisco Giner de los R\u00edos\"  ><label class=\"wpforms-field-label-inline\" for=\"wpforms-6594-field_9_1\">Tal\u00f3n nominativo a nombre de la Fundaci\u00f3n Francisco Giner de los R\u00edos<\/label><\/li><li class=\"choice-2 depth-1\"><input type=\"radio\" id=\"wpforms-6594-field_9_2\" name=\"wpforms[fields][9]\" value=\"Domiciliaci\u00f3n bancaria N\u00ba de cuenta (20 d\u00edgitos)\"  ><label class=\"wpforms-field-label-inline\" for=\"wpforms-6594-field_9_2\">Domiciliaci\u00f3n bancaria N\u00ba de cuenta (20 d\u00edgitos)<\/label><\/li><\/ul><\/div><div id=\"wpforms-6594-field_10-container\" class=\"wpforms-field wpforms-field-text\" data-field-id=\"10\"><label class=\"wpforms-field-label\" for=\"wpforms-6594-field_10\">N\u00famero de cuenta<\/label><input type=\"text\" id=\"wpforms-6594-field_10\" class=\"wpforms-field-large\" name=\"wpforms[fields][10]\" ><\/div><div id=\"wpforms-6594-field_11-container\" class=\"wpforms-field wpforms-field-text\" data-field-id=\"11\"><label class=\"wpforms-field-label\" for=\"wpforms-6594-field_11\">Deseo recibir los siguientes n\u00fameros sueltos:<\/label><input type=\"text\" id=\"wpforms-6594-field_11\" class=\"wpforms-field-large\" name=\"wpforms[fields][11]\" ><\/div><div id=\"wpforms-6594-field_12-container\" class=\"wpforms-field wpforms-field-checkbox\" data-field-id=\"12\"><ul id=\"wpforms-6594-field_12\" class=\"wpforms-field-required\"><li class=\"choice-1 depth-1\"><input type=\"checkbox\" id=\"wpforms-6594-field_12_1\" name=\"wpforms[fields][12][]\" value=\"He le\u00eddo y acepto la pol\u00edtica de privacidad recogida de forma resumida\" required ><label class=\"wpforms-field-label-inline\" for=\"wpforms-6594-field_12_1\">He le\u00eddo y acepto la pol\u00edtica de privacidad recogida de forma resumida<\/label><\/li><\/ul><div class=\"wpforms-field-description\"><span class='pum-trigger  popmake-7233  spanpopup' data-do-default=''> en la siguiente tabla<\/span><\/div><\/div><\/div><!-- .wpforms-field-container --><div class=\"wpforms-submit-container\" ><input type=\"hidden\" name=\"wpforms[id]\" value=\"6594\"><input type=\"hidden\" name=\"wpforms[author]\" value=\"1\"><button type=\"submit\" name=\"wpforms[submit]\" id=\"wpforms-submit-6594\" class=\"wpforms-submit\" data-alt-text=\"Enviando...\" data-submit-text=\"Enviar\" aria-live=\"assertive\" value=\"wpforms-submit\">Enviar<\/button><img decoding=\"async\" src=\"https:\/\/prueba.fundacionginer.org\/wp-content\/plugins\/wpforms\/assets\/images\/submit-spin.svg\" class=\"wpforms-submit-spinner\" style=\"display: none;\" width=\"26\" height=\"26\" alt=\"Loading\"><\/div><\/form><\/div>  <!-- .wpforms-container --><\/div><\/div><\/div><\/div><div class=\"wpb_column vc_column_container vc_col-sm-1 liquid-column-69e3763320dc2\"><div class=\"vc_column-inner\"><div class=\"wpb_wrapper \"   ><div class=\"wpb_wrapper-inner\"><\/div><\/div><\/div><\/div><\/div><\/div><\/section>\n<\/div>","protected":false},"excerpt":{"rendered":"Suscripci\u00f3n (cuatro n\u00fameros) Espa\u00f1a: 20\u20ac Extranjero: 32\u20ac N\u00famero suelto Espa\u00f1a: 6\u20ac Extranjero: 10\u20ac N\u00famero doble...","protected":false},"author":1,"featured_media":0,"parent":0,"menu_order":0,"comment_status":"closed","ping_status":"closed","template":"","meta":{"_acf_changed":false,"footnotes":""},"class_list":["post-6578","page","type-page","status-publish","hentry"],"acf":[],"_links":{"self":[{"href":"https:\/\/prueba.fundacionginer.org\/en\/wp-json\/wp\/v2\/pages\/6578","targetHints":{"allow":["GET"]}}],"collection":[{"href":"https:\/\/prueba.fundacionginer.org\/en\/wp-json\/wp\/v2\/pages"}],"about":[{"href":"https:\/\/prueba.fundacionginer.org\/en\/wp-json\/wp\/v2\/types\/page"}],"author":[{"embeddable":true,"href":"https:\/\/prueba.fundacionginer.org\/en\/wp-json\/wp\/v2\/users\/1"}],"replies":[{"embeddable":true,"href":"https:\/\/prueba.fundacionginer.org\/en\/wp-json\/wp\/v2\/comments?post=6578"}],"version-history":[{"count":20,"href":"https:\/\/prueba.fundacionginer.org\/en\/wp-json\/wp\/v2\/pages\/6578\/revisions"}],"predecessor-version":[{"id":6603,"href":"https:\/\/prueba.fundacionginer.org\/en\/wp-json\/wp\/v2\/pages\/6578\/revisions\/6603"}],"wp:attachment":[{"href":"https:\/\/prueba.fundacionginer.org\/en\/wp-json\/wp\/v2\/media?parent=6578"}],"curies":[{"name":"wp","href":"https:\/\/api.w.org\/{rel}","templated":true}]}}