{"id":6571,"date":"2023-02-27T17:21:17","date_gmt":"2023-02-27T15:21:17","guid":{"rendered":"http:\/\/prueba.fundacionginer.org\/?page_id=6571"},"modified":"2023-03-07T19:28:29","modified_gmt":"2023-03-07T17:28:29","slug":"normas-bile","status":"publish","type":"page","link":"https:\/\/prueba.fundacionginer.org\/en\/normas-bile\/","title":{"rendered":"Normas publicaci\u00f3n BILE"},"content":{"rendered":"<div class=\"wpb-content-wrapper\"><p><style>@media (min-width: 1200px) { .liquid-row-responsive-69e3745c7a33e {padding-top:50px !important; padding-bottom:20px !important;  }  }   <\/style><section class=\"vc_row wpb_row vc_row-fluid vc_custom_1678206516071 row-contains-padding-top row-contains-padding-bottom liquid-row-responsive-69e3745c7a33e liquid-row-shadowbox-69e3745c7a765\"><div class=\"ld-container container\"><div class=\"row ld-row\"><div class=\"wpb_column vc_column_container vc_col-sm-12 liquid-column-69e3745c7a894\"><div class=\"vc_column-inner\"><div class=\"wpb_wrapper\"   ><div class=\"wpb_wrapper-inner\"><style>.ld_fancy_heading_69e3745c7b0d6 .lqd-highlight-inner{height:0.275em;bottom:0px;}<\/style><div class=\"ld-fancy-heading text-left ld_fancy_heading_69e3745c7b0d6\">\n\t<h2 class=\"lqd-highlight-underline lqd-highlight-grow-left\" ><span class=\"ld-fh-txt\"> Standards of publication in the <em>BILE:<\/em><\/span><\/h2><\/div><div class=\"vc_separator wpb_content_element vc_separator_align_center vc_sep_width_10 vc_sep_pos_align_left vc_separator_no_text vc_sep_color_black wpb_content_element  wpb_content_element\" ><span class=\"vc_sep_holder vc_sep_holder_l\"><span class=\"vc_sep_line\"><\/span><\/span><span class=\"vc_sep_holder vc_sep_holder_r\"><span class=\"vc_sep_line\"><\/span><\/span>\n<\/div><\/div><\/div><\/div><\/div><\/div><\/div><\/section><style>@media (min-width: 1200px) { .liquid-row-responsive-69e3745c7b6e2 {padding-top:20px !important; padding-bottom:100px !important;  }  }   <\/style><section class=\"vc_row wpb_row vc_row-fluid vc_custom_1678206521658 row-contains-padding-top row-contains-padding-bottom liquid-row-responsive-69e3745c7b6e2 liquid-row-shadowbox-69e3745c7b6f0\"><div class=\"ld-container container\"><div class=\"row ld-row\"><div class=\"wpb_column vc_column_container vc_col-sm-12 liquid-column-69e3745c7b799\"><div class=\"vc_column-inner\"><div class=\"wpb_wrapper\"   ><div class=\"wpb_wrapper-inner\">\n\t<div class=\"wpb_text_column wpb_content_element\" >\n\t\t<div class=\"wpb_wrapper\">\n\t\t\t<p>To make easier the tasks of editing and publication that reach the Bolet\u00edn, we ask our collaborators to follow the following rules:<\/p>\n<ol>\n<li>The contributions will have a general extension maximum of 15 pages and 30 lines, including the biography.<\/li>\n<li>They will present in IT format (Word, Work o LaTeX para PC) and they will be able to send by email to <a href=\"mailto:bile@fundacionginer.org\">bile@fundacionginer.org<\/a>.<\/li>\n<li>There will be signatures and names of the author or authors. On paper they will state their postcode, telephone number and workplace. Likewise they will point out an address for correspondence so that the interested readers can write to them.<\/li>\n<li>The articles will have a summary (with a minumum of 50 words and maximum of 150) in spanish and english and a list of key words (between 5 and 10 also in both languages) which will allow internet browsers to pinpoint the text.<\/li>\n<li>It is preferred that the articles don\u00b4t have notes, but is they are considered essential, they will be at the bottom of the page.<\/li>\n<li>For the bibliographical references it should be as follows:<br \/>\nSurname(s) of the author, name of the author, date (in brackets): Title of the chapter or article (if applicable), title of the book (in italics). Place of editing:  publisher organisation, pages (if applicable).<br \/>\nIn the case of newspaper publications:<br \/>\nSurname(s) of the author, name of the author, date (in brackets): Title of the article, name of the publication (in italics), volume (in italics), number (in brackets), pages.<br \/>\nnombre de la publicaci\u00f3n (en cursiva), volumen (en cursiva), n\u00famero (entre par\u00e9ntesis), p\u00e1ginas.<\/li>\n<li>If they include illustrations (images, graphics or paintings...), they will be presented aside, preferrably in IT format, with the biggest resolution possible, and in the text will indicate where they should correlate.<\/li>\n<li>The author will receive two models of the magazine and fifteen offprints of their collaboration.<\/li>\n<\/ol>\n\n\t\t<\/div>\n\t<\/div>\n<\/div><\/div><\/div><\/div><\/div><\/div><\/section>\n<\/div>","protected":false},"excerpt":{"rendered":"Normas de publicaci\u00f3n en el BILE Para facilitar las tareas de edici\u00f3n y publicaci\u00f3n de...","protected":false},"author":1,"featured_media":0,"parent":0,"menu_order":0,"comment_status":"closed","ping_status":"closed","template":"","meta":{"_acf_changed":false,"footnotes":""},"class_list":["post-6571","page","type-page","status-publish","hentry"],"acf":[],"_links":{"self":[{"href":"https:\/\/prueba.fundacionginer.org\/en\/wp-json\/wp\/v2\/pages\/6571","targetHints":{"allow":["GET"]}}],"collection":[{"href":"https:\/\/prueba.fundacionginer.org\/en\/wp-json\/wp\/v2\/pages"}],"about":[{"href":"https:\/\/prueba.fundacionginer.org\/en\/wp-json\/wp\/v2\/types\/page"}],"author":[{"embeddable":true,"href":"https:\/\/prueba.fundacionginer.org\/en\/wp-json\/wp\/v2\/users\/1"}],"replies":[{"embeddable":true,"href":"https:\/\/prueba.fundacionginer.org\/en\/wp-json\/wp\/v2\/comments?post=6571"}],"version-history":[{"count":8,"href":"https:\/\/prueba.fundacionginer.org\/en\/wp-json\/wp\/v2\/pages\/6571\/revisions"}],"predecessor-version":[{"id":6731,"href":"https:\/\/prueba.fundacionginer.org\/en\/wp-json\/wp\/v2\/pages\/6571\/revisions\/6731"}],"wp:attachment":[{"href":"https:\/\/prueba.fundacionginer.org\/en\/wp-json\/wp\/v2\/media?parent=6571"}],"curies":[{"name":"wp","href":"https:\/\/api.w.org\/{rel}","templated":true}]}}