{"id":6474,"date":"2023-02-24T21:18:10","date_gmt":"2023-02-24T19:18:10","guid":{"rendered":"http:\/\/prueba.fundacionginer.org\/legado-ile-copy\/"},"modified":"2026-03-25T13:10:09","modified_gmt":"2026-03-25T11:10:09","slug":"boletin","status":"publish","type":"page","link":"https:\/\/prueba.fundacionginer.org\/en\/boletin\/","title":{"rendered":"BILE:"},"content":{"rendered":"<div class=\"wpb-content-wrapper\"><p><style>@media (min-width: 1200px) { .liquid-row-responsive-69e37a229787d {padding-top:220px !important; padding-bottom:220px !important;  }  }   <\/style><section style=\"background-position:center top !important;\" data-bg-image=\"url\" class=\"vc_row wpb_row vc_row-fluid vc_custom_1684316640741 row-contains-padding-top row-contains-padding-bottom liquid-row-responsive-69e37a229787d liquid-row-shadowbox-69e37a229788e vc_row-has-fill vc_row-has-bg vc_row-o-full-height vc_row-o-columns-middle vc_row-flex\"><div class=\"liquid-row-overlay\" style=\"background:rgba(0, 0, 0, 0.23)\"><\/div><div class=\"ld-container container-fluid\"><div class=\"row ld-row\"><div class=\"wpb_column vc_column_container vc_col-sm-12 liquid-column-69e37a22979a4\"><div class=\"vc_column-inner\"><div class=\"wpb_wrapper \"   ><div class=\"wpb_wrapper-inner\"><h1 style=\"font-size: 80px;color: #ffffff;text-align: left;font-family:Crimson Text;font-weight:600;font-style:italic\" class=\"vc_custom_heading vc_custom_1677267140677\"  >BILE<\/h1><\/div><\/div><\/div><\/div><\/div><\/div><\/section><div class=\"vc_row-full-width vc_clearfix\"><\/div><style>@media (min-width: 1200px) { .liquid-row-responsive-69e37a2297c7e {margin-bottom:0px !important; padding-top:50px !important; padding-bottom:50px !important;  }  }   <\/style><section id=\"nuevo\" class=\"vc_row wpb_row vc_row-fluid vc_custom_1678208355115 row-contains-padding-top row-contains-padding-bottom liquid-row-responsive-69e37a2297c7e liquid-row-shadowbox-69e37a2297c8d vc_row-o-equal-height vc_row-o-content-middle vc_row-flex\"><div class=\"ld-container container-fluid\"><div class=\"row ld-row\"><div class=\"wpb_column vc_column_container vc_col-sm-1 liquid-column-69e37a2297d7f\"><div class=\"vc_column-inner\"><div class=\"wpb_wrapper \"   ><div class=\"wpb_wrapper-inner\"><\/div><\/div><\/div><\/div><style>@media (min-width: 1200px) { .liquid-column-responsive-69e37a2297e01 > .vc_column-inner > .wpb_wrapper {margin-bottom:0px !important; padding-top:50px !important; padding-bottom:40px !important;  }  } <\/style><div class=\"wpb_column vc_column_container vc_col-sm-5 liquid-column-69e37a2297e00 liquid-column-responsive-69e37a2297e01 vc_col-has-fill\"><div class=\"vc_column-inner\"><div class=\"wpb_wrapper vc_custom_1678207312942\"   ><div class=\"wpb_wrapper-inner\"><style>@media (min-width: 992px) { .ld_fancy_heading_69e37a2299ae9 h2 {margin-bottom:0.2em !important;  }  } .ld_fancy_heading_69e37a2299ae9 .lqd-highlight-inner{height:0.275em;bottom:0px;}@media (min-width: 992px) { .ld_fancy_heading_69e37a2299ae9 h2 {margin-bottom:0.2em !important;  }  } <\/style><div class=\"ld-fancy-heading text-uppercase ld_fancy_heading_69e37a2299ae9\">\n\t<h2 class=\"lqd-highlight-underline lqd-highlight-grow-left\" ><span class=\"ld-fh-txt\"> \u00daltimo n\u00famero<\/span><\/h2><\/div><div class=\"vc_empty_space\"   style=\"height: 16px\"><span class=\"vc_empty_space_inner\"><\/span><\/div><div class=\"vc_separator wpb_content_element vc_separator_align_center vc_sep_width_30 vc_sep_pos_align_left vc_separator_no_text wpb_content_element  wpb_content_element\" ><span class=\"vc_sep_holder vc_sep_holder_l\"><span style=\"border-color:#000000;\" class=\"vc_sep_line\"><\/span><\/span><span class=\"vc_sep_holder vc_sep_holder_r\"><span style=\"border-color:#000000;\" class=\"vc_sep_line\"><\/span><\/span>\n<\/div><style>.ld_spacer_69e37a229a842{height:28px;}<\/style>\n<div class=\"ld-empty-space ld_spacer_69e37a229a842\"><span class=\"liquid_empty_space_inner\"><\/span><\/div><div class=\"vc_row wpb_row vc_inner vc_row-fluid liquid-row-shadowbox-69e37a229a9b2 vc_row-o-content-middle vc_row-flex\"><div class=\"wpb_column vc_column_container vc_col-sm-4 liquid-column-69e37a229abce\"><div class=\"vc_column-inner\"><div class=\"wpb_wrapper \"  ><div class=\"wpb_wrapper-inner\">\n\t<div  class=\"wpb_single_image wpb_content_element vc_align_left  liquid_vc_single_image-69e37a22aac08\">\n\t\t\n\t\t<figure class=\"wpb_wrapper vc_figure\">\n\t\t\t<div class=\"vc_single_image-wrapper   vc_box_border_grey\"><img decoding=\"async\" width=\"805\" height=\"1142\" src=\"data:image\/svg+xml;charset=utf-8,&lt;svg xmlns%3D&#039;http%3A%2F%2Fwww.w3.org%2F2000%2Fsvg&#039; viewBox%3D&#039;0 0 805 1142&#039;%2F&gt;\" class=\"vc_single_image-img attachment-full ld-lazyload\" alt=\"\" title=\"Captura de pantalla 2026-03-25 a las 12.06.52\" srcset=\"\" sizes=\"(max-width: 805px) 100vw, 805px\" data-src=\"https:\/\/prueba.fundacionginer.org\/wp-content\/uploads\/2026\/03\/Captura-de-pantalla-2026-03-25-a-las-12.06.52-e1774436878401.png\" data-srcset=\"https:\/\/prueba.fundacionginer.org\/wp-content\/uploads\/2026\/03\/Captura-de-pantalla-2026-03-25-a-las-12.06.52-e1774436878401.png 805w, https:\/\/prueba.fundacionginer.org\/wp-content\/uploads\/2026\/03\/Captura-de-pantalla-2026-03-25-a-las-12.06.52-e1774436878401-211x300.png 211w, https:\/\/prueba.fundacionginer.org\/wp-content\/uploads\/2026\/03\/Captura-de-pantalla-2026-03-25-a-las-12.06.52-e1774436878401-722x1024.png 722w, https:\/\/prueba.fundacionginer.org\/wp-content\/uploads\/2026\/03\/Captura-de-pantalla-2026-03-25-a-las-12.06.52-e1774436878401-8x12.png 8w, https:\/\/prueba.fundacionginer.org\/wp-content\/uploads\/2026\/03\/Captura-de-pantalla-2026-03-25-a-las-12.06.52-e1774436878401-768x1090.png 768w\" data-aspect=\"0.70490367775832\" \/><\/div>\n\t\t<\/figure>\n\t<\/div>\n<\/div><\/div><\/div><\/div><div class=\"wpb_column vc_column_container vc_col-sm-8 liquid-column-69e37a22aadd5\"><div class=\"vc_column-inner\"><div class=\"wpb_wrapper \"  ><div class=\"wpb_wrapper-inner\"><h2 style=\"font-size: 24px;line-height: 28px;text-align: left\" class=\"vc_custom_heading vc_custom_1677662908827\"  >Bolet\u00edn de la Instituci\u00f3n Libre de Ense\u00f1anza<\/h2><p style=\"font-size: 16px;text-align: left\" class=\"vc_custom_heading\"  ><a href=\"http:\/\/prueba.fundacionginer.org\/publicaciones\/num-125\/\" title=\"n\u00fam. 113-114\">N.\u00ba 133-134. Junio de 2024<\/a><\/p><a href=\"https:\/\/prueba.fundacionginer.org\/publicaciones\/no-133-134\/\" title=\"n\u00fam. 133-134\" class=\"btn btn-default btn-bordered border-thin ld_button_69e37a22ab0cc\">\n\t<span>\n\t\t\n\t\t\t\t\t<span class=\"btn-txt\">Ver \u00faltimo BILE<\/span>\n\t\t\t\n\t\t\t\t<\/span>\n<\/a>\n<\/div><\/div><\/div><\/div><\/div><\/div><\/div><\/div><\/div><style>@media (min-width: 1200px) { .liquid-column-responsive-69e37a22ac23d > .vc_column-inner > .wpb_wrapper {padding-top:50px !important; padding-bottom:40px !important;  }  } <\/style><div class=\"wpb_column vc_column_container vc_col-sm-5 liquid-column-69e37a22ac23b liquid-column-responsive-69e37a22ac23d vc_col-has-fill\"><div class=\"vc_column-inner\"><div class=\"wpb_wrapper vc_custom_1678207304258\"   ><div class=\"wpb_wrapper-inner\"><style>@media (min-width: 992px) { .ld_fancy_heading_69e37a22ac2d3 h2 {margin-bottom:0.2em !important;  }  } .ld_fancy_heading_69e37a22ac2d3 .lqd-highlight-inner{height:0.275em;bottom:0px;}@media (min-width: 992px) { .ld_fancy_heading_69e37a22ac2d3 h2 {margin-bottom:0.2em !important;  }  } <\/style><div class=\"ld-fancy-heading text-uppercase ld_fancy_heading_69e37a22ac2d3\">\n\t<h2 class=\"lqd-highlight-underline lqd-highlight-grow-left\" ><span class=\"ld-fh-txt\"> N\u00fameros anteriores<\/span><\/h2><\/div><div class=\"vc_empty_space\"   style=\"height: 16px\"><span class=\"vc_empty_space_inner\"><\/span><\/div><div class=\"vc_separator wpb_content_element vc_separator_align_center vc_sep_width_30 vc_sep_pos_align_left vc_separator_no_text wpb_content_element  wpb_content_element\" ><span class=\"vc_sep_holder vc_sep_holder_l\"><span style=\"border-color:#000000;\" class=\"vc_sep_line\"><\/span><\/span><span class=\"vc_sep_holder vc_sep_holder_r\"><span style=\"border-color:#000000;\" class=\"vc_sep_line\"><\/span><\/span>\n<\/div><style>.ld_spacer_69e37a22acc95{height:28px;}<\/style>\n<div class=\"ld-empty-space ld_spacer_69e37a22acc95\"><span class=\"liquid_empty_space_inner\"><\/span><\/div><div class=\"vc_row wpb_row vc_inner vc_row-fluid liquid-row-shadowbox-69e37a22acdab vc_row-o-content-middle vc_row-flex\"><div class=\"wpb_column vc_column_container vc_col-sm-4 liquid-column-69e37a22acf88\"><div class=\"vc_column-inner\"><div class=\"wpb_wrapper \"  ><div class=\"wpb_wrapper-inner\">\n\t<div  class=\"wpb_single_image wpb_content_element vc_align_left  liquid_vc_single_image-69e37a22bd7f5\">\n\t\t\n\t\t<figure class=\"wpb_wrapper vc_figure\">\n\t\t\t<div class=\"vc_single_image-wrapper   vc_box_border_grey\"><img decoding=\"async\" width=\"283\" height=\"414\" src=\"data:image\/svg+xml;charset=utf-8,&lt;svg xmlns%3D&#039;http%3A%2F%2Fwww.w3.org%2F2000%2Fsvg&#039; viewBox%3D&#039;0 0 283 414&#039;%2F&gt;\" class=\"vc_single_image-img attachment-full ld-lazyload\" alt=\"\" title=\"bilees\" srcset=\"\" sizes=\"(max-width: 283px) 100vw, 283px\" data-src=\"https:\/\/prueba.fundacionginer.org\/wp-content\/uploads\/2023\/03\/bilees.png\" data-srcset=\"https:\/\/prueba.fundacionginer.org\/wp-content\/uploads\/2023\/03\/bilees.png 283w, https:\/\/prueba.fundacionginer.org\/wp-content\/uploads\/2023\/03\/bilees-205x300.png 205w, https:\/\/prueba.fundacionginer.org\/wp-content\/uploads\/2023\/03\/bilees-8x12.png 8w\" data-aspect=\"0.68357487922705\" \/><\/div>\n\t\t<\/figure>\n\t<\/div>\n<\/div><\/div><\/div><\/div><div class=\"wpb_column vc_column_container vc_col-sm-8 liquid-column-69e37a22bd9e9\"><div class=\"vc_column-inner\"><div class=\"wpb_wrapper \"  ><div class=\"wpb_wrapper-inner\"><h2 style=\"font-size: 24px;line-height: 28px;text-align: left\" class=\"vc_custom_heading vc_custom_1677695988261\"  >Consulta los n\u00fameros de la segunda \u00e9poca del BILE<\/h2><p style=\"font-size: 16px;text-align: left\" class=\"vc_custom_heading\"  ><a href=\"http:\/\/prueba.fundacionginer.org\/publicaciones\/num-125\/\" title=\"n\u00fam. 113-114\">Desde Marzo de 1987<\/a><\/p><style>.ld_spacer_69e37a22bdcc6{height:28px;}<\/style>\n<div class=\"ld-empty-space ld_spacer_69e37a22bdcc6\"><span class=\"liquid_empty_space_inner\"><\/span><\/div><a href=\"http:\/\/prueba.fundacionginer.org\/publicaciones-bile\/\" title=\"n\u00fam. 113-114\" class=\"btn btn-default btn-bordered border-thin ld_button_69e37a22bdd4b\">\n\t<span>\n\t\t\n\t\t\t\t\t<span class=\"btn-txt\">Ver n\u00fameros anteriores<\/span>\n\t\t\t\n\t\t\t\t<\/span>\n<\/a>\n<\/div><\/div><\/div><\/div><\/div><\/div><\/div><\/div><\/div><div class=\"wpb_column vc_column_container vc_col-sm-1 liquid-column-69e37a22bfeda\"><div class=\"vc_column-inner\"><div class=\"wpb_wrapper \"   ><div class=\"wpb_wrapper-inner\"><\/div><\/div><\/div><\/div><\/div><\/div><\/section><div class=\"vc_row-full-width vc_clearfix\"><\/div><style>@media (min-width: 1200px) { .liquid-row-responsive-69e37a22bff90 {margin-top:0px !important; margin-bottom:50px !important;  }  }   <\/style><section id=\"historico\" data-bg-image=\"url\" class=\"vc_row wpb_row vc_row-fluid vc_custom_1688473687370 row-contains-padding-bottom liquid-row-responsive-69e37a22bff90 liquid-row-shadowbox-69e37a22bff9d vc_row-has-fill vc_row-has-bg\"><div class=\"ld-container container-fluid\"><div class=\"row ld-row\"><div class=\"wpb_column vc_column_container vc_col-sm-1 liquid-column-69e37a22c00ad\"><div class=\"vc_column-inner\"><div class=\"wpb_wrapper \"   ><div class=\"wpb_wrapper-inner\"><\/div><\/div><\/div><\/div><style>@media (min-width: 1200px) { .liquid-column-responsive-69e37a22c0144 > .vc_column-inner > .wpb_wrapper {padding-top:40px !important; padding-right:30px !important; padding-bottom:40px !important; padding-left:30px !important;  }  } <\/style><div class=\"wpb_column vc_column_container vc_col-sm-10 liquid-column-69e37a22c0143 liquid-column-responsive-69e37a22c0144 vc_col-has-fill\"><div class=\"vc_column-inner\"><div class=\"wpb_wrapper vc_custom_1678208448538\"   ><div class=\"wpb_wrapper-inner\"><div class=\"vc_row wpb_row vc_inner vc_row-fluid liquid-row-shadowbox-69e37a22c02e6\"><div class=\"wpb_column vc_column_container vc_col-sm-2 liquid-column-69e37a22c0598\"><div class=\"vc_column-inner\"><div class=\"wpb_wrapper \"  ><div class=\"wpb_wrapper-inner\"><\/div><\/div><\/div><\/div><div class=\"wpb_column vc_column_container vc_col-sm-8 liquid-column-69e37a22c0cf9\"><div class=\"vc_column-inner\"><div class=\"wpb_wrapper \"  ><div class=\"wpb_wrapper-inner\">\n\t<div  class=\"wpb_single_image wpb_content_element vc_align_center  liquid_vc_single_image-69e37a22d1d25\">\n\t\t\n\t\t<figure class=\"wpb_wrapper vc_figure\">\n\t\t\t<div class=\"vc_single_image-wrapper   vc_box_border_grey\"><img decoding=\"async\" width=\"1785\" height=\"545\" src=\"data:image\/svg+xml;charset=utf-8,&lt;svg xmlns%3D&#039;http%3A%2F%2Fwww.w3.org%2F2000%2Fsvg&#039; viewBox%3D&#039;0 0 1785 545&#039;%2F&gt;\" class=\"vc_single_image-img attachment-full ld-lazyload\" alt=\"\" title=\"Cabecera-BILE-(1)\" srcset=\"\" sizes=\"(max-width: 1785px) 100vw, 1785px\" data-src=\"https:\/\/prueba.fundacionginer.org\/wp-content\/uploads\/2023\/03\/Cabecera-BILE-1.jpg\" data-srcset=\"https:\/\/prueba.fundacionginer.org\/wp-content\/uploads\/2023\/03\/Cabecera-BILE-1.jpg 1785w, https:\/\/prueba.fundacionginer.org\/wp-content\/uploads\/2023\/03\/Cabecera-BILE-1-300x92.jpg 300w, https:\/\/prueba.fundacionginer.org\/wp-content\/uploads\/2023\/03\/Cabecera-BILE-1-1024x313.jpg 1024w, https:\/\/prueba.fundacionginer.org\/wp-content\/uploads\/2023\/03\/Cabecera-BILE-1-18x5.jpg 18w\" data-aspect=\"3.2752293577982\" \/><\/div>\n\t\t<\/figure>\n\t<\/div>\n<div class=\"vc_empty_space\"   style=\"height: 30px\"><span class=\"vc_empty_space_inner\"><\/span><\/div><style>@media (min-width: 992px) { .ld_fancy_heading_69e37a22d1e19 h2 {margin-bottom:0.2em !important;  }  } .ld_fancy_heading_69e37a22d1e19 .lqd-highlight-inner{height:0.275em;bottom:0px;}@media (min-width: 992px) { .ld_fancy_heading_69e37a22d1e19 h2 {margin-bottom:0.2em !important;  }  } <\/style><div class=\"ld-fancy-heading text-uppercase ld_fancy_heading_69e37a22d1e19\">\n\t<h2 class=\"lqd-highlight-underline lqd-highlight-grow-left\" ><span class=\"ld-fh-txt\"> Historia<\/span><\/h2><\/div><style>.ld_spacer_69e37a22d2f83{height:28px;}<\/style>\n<div class=\"ld-empty-space ld_spacer_69e37a22d2f83\"><span class=\"liquid_empty_space_inner\"><\/span><\/div><div class=\"vc_separator wpb_content_element vc_separator_align_center vc_sep_width_20 vc_sep_pos_align_left vc_separator_no_text wpb_content_element  wpb_content_element\" ><span class=\"vc_sep_holder vc_sep_holder_l\"><span style=\"border-color:#000000;\" class=\"vc_sep_line\"><\/span><\/span><span class=\"vc_sep_holder vc_sep_holder_r\"><span style=\"border-color:#000000;\" class=\"vc_sep_line\"><\/span><\/span>\n<\/div>\n\t<div class=\"wpb_text_column wpb_content_element\" >\n\t\t<div class=\"wpb_wrapper\">\n\t\t\t<ul>\n<li><strong>El\u00a0<em>BILE<\/em>\u00a0hist\u00f3rico: 1877-1936<\/strong><\/li>\n<\/ul>\n<p>El <em>Bolet\u00edn de la Instituci\u00f3n Libre de Ense\u00f1anza<\/em> comenz\u00f3 a publicarse cuatro meses despu\u00e9s de la fundaci\u00f3n de la ILE, el 7 de marzo de 1877. En la cabecera del primer n\u00famero se reproduc\u00eda el art\u00edculo 15 de sus estatutos, que declara su independencia pol\u00edtica, religiosa y filos\u00f3fica y proclama el principio de libertad de indagaci\u00f3n cient\u00edfica y su exposici\u00f3n.<\/p>\n<p>El <em>BILE<\/em> ten\u00eda una doble finalidad: informar sobre la marcha de la Instituci\u00f3n y dar a conocer \u00abel movimiento intelectual contempor\u00e1neo\u00bb. Repasaba los contenidos de las principales revistas europeas y americanas, e inclu\u00eda textos traducidos o extractados de las revistas o peri\u00f3dicos de referencia en Europa y Am\u00e9rica.<\/p>\n<p>A partir de 1889, su contenido qued\u00f3 estructurado en tres secciones permanentes: Pedagog\u00eda, dedicada a temas de ense\u00f1anza; Enciclopedia, que recog\u00eda lo relacionado con la ciencia, el arte, la filosof\u00eda, la historia, la arqueolog\u00eda y otras disciplinas, e Instituci\u00f3n, que trataba los temas referentes a la vida de la propia ILE.<\/p>\n<p>La guerra civil de 1936 interrumpi\u00f3 la publicaci\u00f3n del <em>BILE<\/em>, que en diciembre de ese a\u00f1o public\u00f3 el \u00faltimo n\u00famero de esta \u00e9poca, en el que anunciaba su suspensi\u00f3n \u00abmientras dure la situaci\u00f3n [&#8230;] por la que atraviesa nuestro pa\u00eds\u00bb.<\/p>\n<ul>\n<li class=\"titul\"><strong>El\u00a0<em>Bolet\u00edn<\/em> del exilio<\/strong><\/li>\n<\/ul>\n<p class=\"texto1\">Durante los a\u00f1os del exilio, se public\u00f3 en M\u00e9xico un bolet\u00edn editado por la Corporaci\u00f3n de Antiguos Alumnos de la Instituci\u00f3n Libre de Ense\u00f1anza, del Instituto-Escuela y de la Residencia de Estudiantes, dirigido por Bernardo Giner de los R\u00edos. El primer n\u00famero se edit\u00f3 en 1961 y el \u00faltimo, que notificaba la muerte de su director y la de Gloria Giner de los R\u00edos, en 1970.<\/p>\n<ul>\n<li class=\"titul\"><strong>La \u00absegunda \u00e9poca\u00bb del <em>BILE<\/em><\/strong><\/li>\n<\/ul>\n<p>Despu\u00e9s de medio siglo de silencio obligado, en 1977, durante el per\u00edodo de transici\u00f3n a la democracia, la Fundaci\u00f3n vio de nuevo reconocida plenamente su personalidad jur\u00eddica y recobr\u00f3, como heredera de la Instituci\u00f3n Libre de Ense\u00f1anza, los bienes que le hab\u00edan sido incautados.<\/p>\n<p>La ILE reanud\u00f3 sus actividades, y la publicaci\u00f3n del <em>Bolet\u00edn de la Instituci\u00f3n Libre de Ense\u00f1anza<\/em> se convirti\u00f3 en uno de sus principales objetivos. En 1987, bajo la direcci\u00f3n de Antonio Jim\u00e9nez-Landi, la revista inici\u00f3 la que su director denomin\u00f3 \u00absegunda \u00e9poca\u00bb, recobrando la memoria hist\u00f3rica de la publicaci\u00f3n con la misma perspectiva multidisciplinaria. A partir de 1990, asumi\u00f3 la direcci\u00f3n de la publicaci\u00f3n Juan Marichal, a quien, tras su muerte, sucedi\u00f3 Jos\u00e9-Carlos Mainer.<\/p>\n<p>El contenido de la publicaci\u00f3n est\u00e1 marcado por su car\u00e1cter de revista de ideas y de cultura, con especial atenci\u00f3n a los problemas actuales de la educaci\u00f3n y con referencia a las tradiciones representadas por la Instituci\u00f3n Libre de Ense\u00f1anza y su entorno mediante la publicaci\u00f3n de textos y documentos hist\u00f3ricos.<\/p>\n<ul>\n<li class=\"titul\"><strong>Directores del\u00a0<em>BILE<\/em><\/strong><\/li>\n<\/ul>\n<p class=\"texto1\">1877-1881. <b>Francisco Giner de los R\u00edos<\/b>\u00a0(1839-1915).<br \/>\n1881-1884. <b>Joaqu\u00edn Costa<\/b>\u00a0(1846-1911).<br \/>\n1884-1889. <b>Jos\u00e9 de Caso y Blanco<\/b>\u00a0(1850-1928).<br \/>\n1890-1904. <b>Francisco Giner de los R\u00edos<\/b>\u00a0(1839-1915).<br \/>\n1904-1910. <b>Ricardo Rubio<\/b>\u00a0(1856-1935).<br \/>\n1910-1917. <b>Adolfo Posada<\/b>\u00a0(1860-1944).<br \/>\n1914\u00a0<b>\u00c1ngel do Rego Rodr\u00edguez<\/b>\u00a0(1878-1939). Administrador en funciones de apoyo al <em>BILE<\/em>.<br \/>\n1917-1934. <b>Ricardo Rubio\u00a0<\/b>(1856-1935).<br \/>\n1934-1936.<b>\u00a0Jos\u00e9 Onta\u00f1\u00f3n y Valiente<\/b>\u00a0(1882-1948). Director en funciones.<br \/>\n1936. <b>\u00c1ngel do Rego Rodr\u00edguez<\/b>\u00a0(1878-1939).<br \/>\n1987-1989.<b>\u00a0Antonio Jim\u00e9nez-Landi<\/b>\u00a0(1909-1997).<br \/>\n1990-2010. <b>Juan Marichal<\/b>\u00a0(1922-2010).<br \/>\n2010-. <strong>Jos\u00e9-Carlos Mainer<\/strong>.<\/p>\n\n\t\t<\/div>\n\t<\/div>\n<div class=\"vc_empty_space\"   style=\"height: 32px\"><span class=\"vc_empty_space_inner\"><\/span><\/div><a href=\"http:\/\/prueba.fundacionginer.org\/normas-bile\/\" title=\"n\u00fam. 113-114\" target=\"_blank\" class=\"btn btn-default btn-bordered border-thin ld_button_69e37a22d3245\">\n\t<span>\n\t\t\n\t\t\t\t\t<span class=\"btn-txt\">Normas de publicaci\u00f3n<\/span>\n\t\t\t\n\t\t\t\t<\/span>\n<\/a>\n<a href=\"http:\/\/prueba.fundacionginer.org\/suscripcion-bile\/\" title=\"n\u00fam. 113-114\" target=\"_blank\" class=\"btn btn-default btn-bordered border-thin ld_button_69e37a22d3c6b\">\n\t<span>\n\t\t\n\t\t\t\t\t<span class=\"btn-txt\">Suscr\u00edbete al BILE<\/span>\n\t\t\t\n\t\t\t\t<\/span>\n<\/a>\n<a href=\"http:\/\/tienda.edaddeplata.org\/tienda\/SelectCat.do?catId=43&#038;prodsFound=11&#038;category=bolet%C3%ADn+de+la+ILE\" title=\"n\u00fam. 113-114\" target=\"_blank\" class=\"btn btn-default btn-bordered border-thin ld_button_69e37a22d4c04\">\n\t<span>\n\t\t\n\t\t\t\t\t<span class=\"btn-txt\">Comprar<\/span>\n\t\t\t\n\t\t\t\t<\/span>\n<\/a>\n<\/div><\/div><\/div><\/div><div class=\"wpb_column vc_column_container vc_col-sm-2 liquid-column-69e37a22d4f07\"><div class=\"vc_column-inner\"><div class=\"wpb_wrapper \"  ><div class=\"wpb_wrapper-inner\"><\/div><\/div><\/div><\/div><\/div><\/div><\/div><\/div><\/div><div class=\"wpb_column vc_column_container vc_col-sm-1 liquid-column-69e37a22d4ffd\"><div class=\"vc_column-inner\"><div class=\"wpb_wrapper \"   ><div class=\"wpb_wrapper-inner\"><\/div><\/div><\/div><\/div><\/div><\/div><\/section><div class=\"vc_row-full-width vc_clearfix\"><\/div>\n<\/div>","protected":false},"excerpt":{"rendered":"BILE \u00daltimo n\u00famero Bolet\u00edn de la Instituci\u00f3n Libre de Ense\u00f1anzaN.\u00ba 133-134. Junio de 2024 Ver...","protected":false},"author":1,"featured_media":0,"parent":0,"menu_order":0,"comment_status":"closed","ping_status":"closed","template":"","meta":{"_acf_changed":false,"footnotes":""},"class_list":["post-6474","page","type-page","status-publish","hentry"],"acf":[],"_links":{"self":[{"href":"https:\/\/prueba.fundacionginer.org\/en\/wp-json\/wp\/v2\/pages\/6474","targetHints":{"allow":["GET"]}}],"collection":[{"href":"https:\/\/prueba.fundacionginer.org\/en\/wp-json\/wp\/v2\/pages"}],"about":[{"href":"https:\/\/prueba.fundacionginer.org\/en\/wp-json\/wp\/v2\/types\/page"}],"author":[{"embeddable":true,"href":"https:\/\/prueba.fundacionginer.org\/en\/wp-json\/wp\/v2\/users\/1"}],"replies":[{"embeddable":true,"href":"https:\/\/prueba.fundacionginer.org\/en\/wp-json\/wp\/v2\/comments?post=6474"}],"version-history":[{"count":173,"href":"https:\/\/prueba.fundacionginer.org\/en\/wp-json\/wp\/v2\/pages\/6474\/revisions"}],"predecessor-version":[{"id":13167,"href":"https:\/\/prueba.fundacionginer.org\/en\/wp-json\/wp\/v2\/pages\/6474\/revisions\/13167"}],"wp:attachment":[{"href":"https:\/\/prueba.fundacionginer.org\/en\/wp-json\/wp\/v2\/media?parent=6474"}],"curies":[{"name":"wp","href":"https:\/\/api.w.org\/{rel}","templated":true}]}}