{"id":6105,"date":"2023-02-14T17:43:17","date_gmt":"2023-02-14T15:43:17","guid":{"rendered":"http:\/\/prueba.fundacionginer.org\/politica-privacidad-copy\/"},"modified":"2023-07-05T10:20:34","modified_gmt":"2023-07-05T08:20:34","slug":"aviso-legal","status":"publish","type":"page","link":"https:\/\/prueba.fundacionginer.org\/en\/aviso-legal\/","title":{"rendered":"Legal notice"},"content":{"rendered":"<div class=\"wpb-content-wrapper\"><style>@media (min-width: 1200px) { .liquid-row-responsive-69e06448accf0 {margin-bottom:50px !important;  }  }   <\/style><section class=\"vc_row wpb_row vc_row-fluid vc_custom_1688544639364 liquid-row-responsive-69e06448accf0 liquid-row-shadowbox-69e06448acd03\"><div class=\"ld-container container\"><div class=\"row ld-row\"><div class=\"wpb_column vc_column_container vc_col-sm-12 liquid-column-69e06448ad029\"><div class=\"vc_column-inner\"><div class=\"wpb_wrapper \"   ><div class=\"wpb_wrapper-inner\">\n\t<div class=\"wpb_text_column wpb_content_element vc_custom_1688544819071\" >\n\t\t<div class=\"wpb_wrapper\">\n\t\t\t<h2>Aviso legal<\/h2>\n\n\t\t<\/div>\n\t<\/div>\n<div class=\"vc_separator wpb_content_element vc_separator_align_center vc_sep_width_10 vc_sep_pos_align_left vc_separator_no_text vc_sep_color_black wpb_content_element  wpb_content_element\" ><span class=\"vc_sep_holder vc_sep_holder_l\"><span class=\"vc_sep_line\"><\/span><\/span><span class=\"vc_sep_holder vc_sep_holder_r\"><span class=\"vc_sep_line\"><\/span><\/span>\n<\/div>\n\t<div class=\"wpb_text_column wpb_content_element\" >\n\t\t<div class=\"wpb_wrapper\">\n\t\t\t<p>La presente web ha sido creada por la Fundaci\u00f3n Francisco Giner de los R\u00edos [Instituci\u00f3n Libre de Ense\u00f1anza], con car\u00e1cter informativo y para su utilizaci\u00f3n gratuita y personal por el usuario de la misma. El acceso a esta web implica el conocimiento y aceptaci\u00f3n de los siguientes t\u00e9rminos:<\/p>\n<h3>1. Datos de titularidad de los sitios web<\/h3>\n<p>El dominio <a href=\"http:\/\/www.institucionlibredeensenanza.org\/\"><span style=\"text-decoration: underline;\">www.institucionlibredeensenanza.org<\/span><\/a> es de titularidad de la Fundaci\u00f3n Francisco Giner de los R\u00edos [Instituci\u00f3n Libre de Ense\u00f1anza] (en adelante \u201cla ILE\u201d), con CIF G-78054103, con domicilio en el Paseo General Mart\u00ednez Campos, 14, 28010 Madrid.<\/p>\n<p>Para contactar con nosotros puede dirigirse a la direcci\u00f3n de correo electr\u00f3nico ile@funacionginer.org, al tel\u00e9fono + 34 91 44 60 197 o al domicilio indicado en el p\u00e1rrafo anterior.<\/p>\n<h3>2. Uso correcto de la p\u00e1gina web<\/h3>\n<p>El usuario se compromete a utilizar la web, los contenidos y servicios de conformidad con la ley, el presente aviso legal, las buenas costumbres y el orden p\u00fablico. Del mismo modo, el usuario se obliga a no utilizar la web, sus contenidos o los servicios que se presten a trav\u00e9s de \u00e9sta, con fines o efectos il\u00edcitos o contrarios al contenido del presente aviso legal, lesivos de los intereses o derechos de terceros, o que de cualquier forma pueda da\u00f1ar, inutilizar, hacer inaccesible o deteriorar la web, sus contenidos o sus servicios o impedir un normal disfrute de la misma por otros usuarios.<\/p>\n<p>Asimismo, el usuario se compromete expresamente a no destruir, alterar, inutilizar o da\u00f1ar de cualquier otra forma los datos, programas o documentos electr\u00f3nicos que se encuentren en la web.<\/p>\n<p>El usuario se compromete a no obstaculizar el acceso de otros usuarios al servicio de acceso mediante el consumo masivo de los recursos inform\u00e1ticos a trav\u00e9s de los cuales la ILE presta el servicio, as\u00ed como realizar acciones que da\u00f1en, interrumpan o generen errores en dichos sistemas o servicios.<\/p>\n<p>El usuario se compromete a no introducir programas, virus, macros, applets, controles ActiveX o cualquier otro dispositivo l\u00f3gico o secuencia de caracteres que causen o sean susceptibles de causar cualquier tipo de alteraci\u00f3n en los sistemas inform\u00e1ticos de la ILE o de terceros.<\/p>\n<h3>3. Responsabilidad<\/h3>\n<p>La ILE \u00fanicamente ser\u00e1 responsable de la informaci\u00f3n contenida en esta web que haya sido creada por ella. La ILE no asume ninguna responsabilidad por informaciones de cualquier tipo que pudieran haber incluido los usuarios, ni por las informaciones contenidas en otras webs no gestionadas directamente por la ILE, a las que esta web pueda remitir por medio de enlaces hipertextuales o \u00ablinks\u00bb.<\/p>\n<p>La ILE no responder\u00e1 de los da\u00f1os y perjuicios que pudiera ocasionar la existencia de virus u otros elementos que pudieran causar da\u00f1os en los sistemas inform\u00e1ticos en los documentos electr\u00f3nicos o en los ficheros de usuario de este sitio web o de sitios web de terceros.<\/p>\n<p>Asimismo, la ILE no responder\u00e1 tampoco de cualquier interrupci\u00f3n, error o fallo que se produzca en el sistema como consecuencia de un mal funcionamiento de la red o de los servidores conectados a la misma.<\/p>\n<h3>4. Propiedad Intelectual e Industrial y derechos an\u00e1logos<\/h3>\n<p>Todos los contenidos y elementos a los que puedan acceder los usuarios a trav\u00e9s de esta web, ya sean los textos, im\u00e1genes, animaciones, composiciones sonoras, visuales o audiovisuales, dibujos, fotograf\u00edas, logotipos, marcas, grabados, nombres o signos distintivos, est\u00e1n protegidos por el Texto Refundido de la Ley de Propiedad Intelectual y legislaci\u00f3n conexa. Los derechos de propiedad intelectual sobre los contenidos de este sitio web corresponden en exclusiva a la ILE salvo que se indique titularidad distinta. El acceso a dichos contenidos o elementos a trav\u00e9s de la web no otorga a los usuarios ning\u00fan derecho sobre los mismos, quienes no podr\u00e1n alterarlos, modificarlos, explotarlos, reproducirlos, distribuirlos, ni comunicarlos p\u00fablicamente, poni\u00e9ndolos a disposici\u00f3n del p\u00fablico a trav\u00e9s de internet, ni podr\u00e1n ejercitar ning\u00fan otro derecho que corresponda al titular del derecho afectado, salvo en los casos autorizados por la ley, en los cuales queda asimismo expresamente prohibida la omisi\u00f3n del nombre del autor de la obra o del titular de la prestaci\u00f3n objeto de protecci\u00f3n, as\u00ed como la deformaci\u00f3n, modificaci\u00f3n, alteraci\u00f3n o atentado que atente contra la integridad de las obras recogidas en esta p\u00e1gina web.<\/p>\n<p>La extracci\u00f3n y\/o la reutilizaci\u00f3n no autorizada de datos consignados en esta p\u00e1gina web, constituye una infracci\u00f3n de los derechos de propiedad intelectual de la Fundaci\u00f3n Francisco Giner de los R\u00edos [Instituci\u00f3n Libre de Ense\u00f1anza] o del titular de los mismos.<\/p>\n<p>A estos efectos se entiende por extracci\u00f3n la transferencia permanente o temporal de la totalidad o de una parte sustancial del contenido de tales datos a otro soporte cualquiera que sea el medio utilizado o la forma en que se realice; y se entiende por reutilizaci\u00f3n toda forma de puesta a disposici\u00f3n del p\u00fablico, comunicaci\u00f3n p\u00fablica o distribuci\u00f3n de la totalidad o de una parte sustancial del contenido de los datos mediante la distribuci\u00f3n de copias ya sea en forma de venta, alquiler o por cualquier otro t\u00edtulo, o mediante transmisi\u00f3n en l\u00ednea o en otras formas.<\/p>\n<p>La infracci\u00f3n de los derechos de propiedad intelectual por el usuario se encuentra sujeta a la exigencia de la correspondiente responsabilidad legal por parte de los titulares de los derechos de autor.<\/p>\n<h3>5. Modificaciones<\/h3>\n<p>La ILE se reserva el derecho a modificar o actualizar el contenido de esta web y de las presentes advertencias, de acuerdo a su criterio, o a causa de un cambio legislativo, jurisprudencial o de los usos del sector. Tales modificaciones ser\u00e1n publicadas en esta web, facilit\u00e1ndose al usuario los recursos necesarios para acceder a la lectura de las mismas. En cualquier caso, la relaci\u00f3n con los usuarios se regir\u00e1 por las normas previstas en el momento preciso en que se accede a la p\u00e1gina web.<\/p>\n<h3>6. Legislaci\u00f3n y jurisdicci\u00f3n<\/h3>\n<p>Las presentes advertencias legales se rigen en todos y cada uno de sus extremos por la Ley espa\u00f1ola, someti\u00e9ndose expresamente la ILE y los usuarios a la jurisdicci\u00f3n de los Juzgados y Tribunales de Madrid capital, renunciando a cualquier otro fuero que pudiera corresponderles.<\/p>\n<p>La ILE perseguir\u00e1 el incumplimiento de las presentes condiciones, as\u00ed como cualquier utilizaci\u00f3n indebida de la p\u00e1gina web, ejerciendo todas las acciones civiles y penales que le puedan corresponder y le asistan en derecho.<\/p>\n<p>\u00a9 2018, Fundaci\u00f3n Francisco Giner de los R\u00edos [Instituci\u00f3n Libre de Ense\u00f1anza]<\/p>\n\n\t\t<\/div>\n\t<\/div>\n<div class=\"vc_empty_space\"   style=\"height: 32px\"><span class=\"vc_empty_space_inner\"><\/span><\/div><\/div><\/div><\/div><\/div><\/div><\/div><\/section>\n<\/div>","protected":false},"excerpt":{"rendered":"Aviso legal La presente web ha sido creada por la Fundaci\u00f3n Francisco Giner de los...","protected":false},"author":1,"featured_media":0,"parent":0,"menu_order":0,"comment_status":"closed","ping_status":"open","template":"","meta":{"_acf_changed":false,"footnotes":""},"class_list":["post-6105","page","type-page","status-publish","hentry"],"acf":[],"_links":{"self":[{"href":"https:\/\/prueba.fundacionginer.org\/en\/wp-json\/wp\/v2\/pages\/6105","targetHints":{"allow":["GET"]}}],"collection":[{"href":"https:\/\/prueba.fundacionginer.org\/en\/wp-json\/wp\/v2\/pages"}],"about":[{"href":"https:\/\/prueba.fundacionginer.org\/en\/wp-json\/wp\/v2\/types\/page"}],"author":[{"embeddable":true,"href":"https:\/\/prueba.fundacionginer.org\/en\/wp-json\/wp\/v2\/users\/1"}],"replies":[{"embeddable":true,"href":"https:\/\/prueba.fundacionginer.org\/en\/wp-json\/wp\/v2\/comments?post=6105"}],"version-history":[{"count":18,"href":"https:\/\/prueba.fundacionginer.org\/en\/wp-json\/wp\/v2\/pages\/6105\/revisions"}],"predecessor-version":[{"id":7173,"href":"https:\/\/prueba.fundacionginer.org\/en\/wp-json\/wp\/v2\/pages\/6105\/revisions\/7173"}],"wp:attachment":[{"href":"https:\/\/prueba.fundacionginer.org\/en\/wp-json\/wp\/v2\/media?parent=6105"}],"curies":[{"name":"wp","href":"https:\/\/api.w.org\/{rel}","templated":true}]}}