{"id":5267,"date":"2022-10-20T16:58:21","date_gmt":"2022-10-20T14:58:21","guid":{"rendered":"http:\/\/prueba.fundacionginer.org\/?page_id=5267"},"modified":"2023-12-15T10:57:43","modified_gmt":"2023-12-15T08:57:43","slug":"ile-hoy","status":"publish","type":"page","link":"https:\/\/prueba.fundacionginer.org\/en\/ile-hoy\/","title":{"rendered":"ILE"},"content":{"rendered":"<div class=\"wpb-content-wrapper\"><p><style>@media (min-width: 1200px) { .liquid-row-responsive-69e3763276ff9 {padding-top:220px !important; padding-bottom:220px !important;  }  }   <\/style><section style=\"background-position:right bottom !important;\" data-bg-image=\"url\" class=\"vc_row wpb_row vc_row-fluid vc_custom_1676375189487 row-contains-padding-top row-contains-padding-bottom liquid-row-responsive-69e3763276ff9 liquid-row-shadowbox-69e376327700a vc_row-has-fill vc_row-has-bg vc_row-o-full-height vc_row-o-columns-middle vc_row-flex\"><div class=\"ld-container container-fluid\"><div class=\"row ld-row\"><div class=\"wpb_column vc_column_container vc_col-sm-12 liquid-column-69e376327819c\"><div class=\"vc_column-inner\"><div class=\"wpb_wrapper\"   ><div class=\"wpb_wrapper-inner\"><h1 style=\"font-size: 80px;color: #ffffff;text-align: left\" class=\"vc_custom_heading vc_custom_1676205377982\"  >ILE<\/h1><\/div><\/div><\/div><\/div><\/div><\/div><\/section><div class=\"vc_row-full-width vc_clearfix\"><\/div><style>@media (min-width: 1200px) { .liquid-row-responsive-69e376327846c {margin-top:50px !important; margin-bottom:50px !important;  }  }   <\/style><section id=\"nosotros\" class=\"vc_row wpb_row vc_row-fluid vc_custom_1677148601162 row-contains-padding-bottom liquid-row-responsive-69e376327846c liquid-row-shadowbox-69e376327847c\"><div class=\"ld-container container\"><div class=\"row ld-row\"><div class=\"wpb_column vc_column_container vc_col-sm-12 liquid-column-69e376327856f\"><div class=\"vc_column-inner\"><div class=\"wpb_wrapper\"   ><div class=\"wpb_wrapper-inner\"><style>@media (min-width: 992px) { .ld_fancy_heading_69e3763278afc h2 {margin-bottom:0.2em !important;  }  } .ld_fancy_heading_69e3763278afc .lqd-highlight-inner{height:0.275em;bottom:0px;}@media (min-width: 992px) { .ld_fancy_heading_69e3763278afc h2 {margin-bottom:0.2em !important;  }  } <\/style><div class=\"ld-fancy-heading text-uppercase ld_fancy_heading_69e3763278afc\">\n\t<h2 class=\"lqd-highlight-underline lqd-highlight-grow-left\" ><span class=\"ld-fh-txt\"> Who we are<\/span><\/h2><\/div><style>.ld_spacer_69e3763278f79{height:20px;}<\/style>\n<div class=\"ld-empty-space ld_spacer_69e3763278f79\"><span class=\"liquid_empty_space_inner\"><\/span><\/div><div class=\"vc_separator wpb_content_element vc_separator_align_center vc_sep_width_10 vc_sep_pos_align_left vc_separator_no_text wpb_content_element  wpb_content_element\" ><span class=\"vc_sep_holder vc_sep_holder_l\"><span style=\"border-color:#000000;\" class=\"vc_sep_line\"><\/span><\/span><span class=\"vc_sep_holder vc_sep_holder_r\"><span style=\"border-color:#000000;\" class=\"vc_sep_line\"><\/span><\/span>\n<\/div><div class=\"vc_row wpb_row vc_inner vc_row-fluid liquid-row-shadowbox-69e376327921c vc_row-o-content-middle vc_row-flex\"><div class=\"wpb_column vc_column_container vc_col-sm-6 liquid-column-69e3763279432\"><div class=\"vc_column-inner\"><div class=\"wpb_wrapper\"  ><div class=\"wpb_wrapper-inner\"><div class=\"vc_empty_space\"   style=\"height: 20px\"><span class=\"vc_empty_space_inner\"><\/span><\/div>\n\t<div  class=\"wpb_single_image wpb_content_element vc_align_left  liquid_vc_single_image-69e376327e575\">\n\t\t\n\t\t<figure class=\"wpb_wrapper vc_figure\">\n\t\t\t<div class=\"vc_single_image-wrapper   vc_box_border_grey\"><img decoding=\"async\" width=\"1920\" height=\"1372\" src=\"data:image\/svg+xml;charset=utf-8,&lt;svg xmlns%3D&#039;http%3A%2F%2Fwww.w3.org%2F2000%2Fsvg&#039; viewBox%3D&#039;0 0 1920 1372&#039;%2F&gt;\" class=\"vc_single_image-img attachment-full ld-lazyload\" alt=\"\" title=\"Who we are\" srcset=\"\" sizes=\"(max-width: 1920px) 100vw, 1920px\" data-src=\"https:\/\/prueba.fundacionginer.org\/wp-content\/uploads\/2023\/02\/Quienes-somos-scaled.jpg\" data-srcset=\"https:\/\/prueba.fundacionginer.org\/wp-content\/uploads\/2023\/02\/Quienes-somos-scaled.jpg 1920w, https:\/\/prueba.fundacionginer.org\/wp-content\/uploads\/2023\/02\/Quienes-somos-300x214.jpg 300w, https:\/\/prueba.fundacionginer.org\/wp-content\/uploads\/2023\/02\/Quienes-somos-1024x731.jpg 1024w, https:\/\/prueba.fundacionginer.org\/wp-content\/uploads\/2023\/02\/Quienes-somos-scaled-18x12.jpg 18w\" data-aspect=\"1.399416909621\" \/><\/div>\n\t\t<\/figure>\n\t<\/div>\n<\/div><\/div><\/div><\/div><style>@media (min-width: 1200px) { .liquid-column-responsive-69e376327e74d > .vc_column-inner > .wpb_wrapper {padding-left:30px !important;  }  } <\/style><div class=\"wpb_column vc_column_container vc_col-sm-6 liquid-column-69e376327e74b liquid-column-responsive-69e376327e74d\"><div class=\"vc_column-inner\"><div class=\"wpb_wrapper\"  ><div class=\"wpb_wrapper-inner\">\n\t<div class=\"wpb_text_column wpb_content_element vc_custom_1702630407121\" >\n\t\t<div class=\"wpb_wrapper\">\n\t\t\t<p>The Instituci\u00f3n Libre de  Ense\u00f1anza (ILE) is a training centre and a centre of reflection on the future of education, science and culture, and a training center. It is committed to education as an essential factor for the autonomy and personal growth of citizens and for the progress and welfare of society. It conducts studies and research projects, courses, seminars, conferences and debates with programs that update the values linked to its tradition: appreciation and care for nature, peace, human rights and intercultural respect, tolerance, dialogue and participation, equality, solidarity and inclusion.<\/p>\n<p>The Fundaci\u00f3n Francisco Giner de los R\u00edos was created in 1916 after the death of Giner to pursue and to spread their work and ensure the survival of the Institution, and is responsible for the protection of heritage material, and intellectual assets.<\/p>\n\n\t\t<\/div>\n\t<\/div>\n<a href=\"http:\/\/prueba.fundacionginer.org\/en\/patronato\/\" title=\"Board of trustees of the Fundaci\u00f3n Francisco Giner de los R\u00edos\" class=\"btn btn-default btn-bordered border-thin ld_button_69e376327e94e\">\n\t<span>\n\t\t\n\t\t\t\t\t<span class=\"btn-txt\">Board of trustees<\/span>\n\t\t\t\n\t\t\t\t<\/span>\n<\/a>\n<\/div><\/div><\/div><\/div><\/div><\/div><\/div><\/div><\/div><\/div><\/div><\/section><style>@media (min-width: 1200px) { .liquid-row-responsive-69e376327ee84 {padding-top:120px !important; padding-bottom:120px !important;  }  }   <\/style><section id=\"antiguos-alumnos\" data-parallax=\"true\" data-parallax-options='{\"parallaxBG\":true}' data-bg-image=\"url\" class=\"vc_row wpb_row vc_row-fluid vc_custom_1677071533863 row-contains-padding-top row-contains-padding-bottom liquid-row-responsive-69e376327ee84 liquid-row-shadowbox-69e376327ee92 vc_row-has-fill vc_row-has-bg\"><div class=\"liquid-row-overlay\" style=\"background:rgba(0, 0, 0, 0.6)\"><\/div><div class=\"ld-container container\"><div class=\"row ld-row\"><div class=\"wpb_column vc_column_container vc_col-sm-12 liquid-column-69e376327ef9b\"><div class=\"vc_column-inner\"><div class=\"wpb_wrapper\"   ><div class=\"wpb_wrapper-inner\"><div class=\"vc_row wpb_row vc_inner vc_row-fluid vc_custom_1677071595059 liquid-row-shadowbox-69e376327f10f\"><div class=\"wpb_column vc_column_container vc_col-sm-6 liquid-column-69e376327f2ce\"><div class=\"vc_column-inner\"><div class=\"wpb_wrapper\"  ><div class=\"wpb_wrapper-inner\"><div class=\"vc_empty_space\"   style=\"height: 20px\"><span class=\"vc_empty_space_inner\"><\/span><\/div><style>.ld_fancy_heading_69e376327f3de h2{color:rgb(255, 255, 255);}.ld_fancy_heading_69e376327f3de h2 {margin-top:0px !important; margin-bottom:0px !important;  } .ld_fancy_heading_69e376327f3de .lqd-highlight-inner{height:0.275em;bottom:0px;}.ld_fancy_heading_69e376327f3de h2 {margin-top:0px !important; margin-bottom:0px !important;  } <\/style><div class=\"ld-fancy-heading text-uppercase ld_fancy_heading_69e376327f3de\">\n\t<h2 class=\"lqd-highlight-underline lqd-highlight-grow-left\" data-fittext=\"true\" data-fittext-options='{\"compressor\":0.5,\"maxFontSize\":\"currentFontSize\",\"minFontSize\":\"\"}'><span class=\"ld-fh-txt\"> Friends of the ILE<\/span><\/h2><\/div><div class=\"vc_empty_space\"   style=\"height: 20px\"><span class=\"vc_empty_space_inner\"><\/span><\/div><div class=\"vc_separator wpb_content_element vc_separator_align_center vc_sep_width_20 vc_sep_pos_align_left vc_separator_no_text vc_custom_1677071589671 wpb_content_element  vc_custom_1677071589671 wpb_content_element\" ><span class=\"vc_sep_holder vc_sep_holder_l\"><span style=\"border-color:#ffffff;\" class=\"vc_sep_line\"><\/span><\/span><span class=\"vc_sep_holder vc_sep_holder_r\"><span style=\"border-color:#ffffff;\" class=\"vc_sep_line\"><\/span><\/span>\n<\/div><\/div><\/div><\/div><\/div><div class=\"wpb_column vc_column_container vc_col-sm-6 liquid-column-69e376327f9d2\"><div class=\"vc_column-inner\"><div class=\"wpb_wrapper\"  ><div class=\"wpb_wrapper-inner\"><\/div><\/div><\/div><\/div><\/div><div class=\"vc_row wpb_row vc_inner vc_row-fluid liquid-row-shadowbox-69e376327faef\"><div class=\"wpb_column vc_column_container vc_col-sm-8 liquid-column-69e376327fc8e\"><div class=\"vc_column-inner\"><div class=\"wpb_wrapper\"  ><div class=\"wpb_wrapper-inner\"><style>.ld_fancy_heading_69e376327fd28 p{font-size:16px;line-height:30px;font-weight:500;color:rgb(255, 255, 255);}@media (min-width: 992px) { .ld_fancy_heading_69e376327fd28 p {margin-right:20% !important;  }  } .ld_fancy_heading_69e376327fd28 .lqd-highlight-inner{height:0.275em;bottom:0px;}@media (min-width: 992px) { .ld_fancy_heading_69e376327fd28 p {margin-right:20% !important;  }  } <\/style><div class=\"ld-fancy-heading text-justified ld_fancy_heading_69e376327fd28\">\n\t<p class=\"lqd-highlight-underline lqd-highlight-grow-left\" ><span class=\"ld-fh-txt\"> The Corporaci\u00f3n de Antiguos Alumnos y Amigos de la Instituci\u00f3n Libre de Ense\u00f1anza was started in 1892 by Francisco Giner de los R\u00edos and his co-workers in the ILE to reunite former students, bringing together like-minded people and collaborating in the activities of the Institution. In 1978, it was reinstated, with similar statutes and aims. Nowadays, it welcomes anyone who identifies with the the values of the Institution and wants to support them.<\/span><\/p><\/div><div class=\"vc_empty_space\"   style=\"height: 10px\"><span class=\"vc_empty_space_inner\"><\/span><\/div><style>.ld_button_69e376328006a.btn-icon-solid .btn-icon{background:rgb(255, 255, 255);}.ld_button_69e376328006a.btn-icon-circle.btn-icon-ripple .btn-icon:before{border-color:rgb(255, 255, 255);}.ld_button_69e376328006a{color:rgb(255, 255, 255);border-color:rgb(255, 255, 255);font-size:12px !important;letter-spacing:0.1em !important;}.ld_button_69e376328006a:hover{background-color:rgb(255, 255, 255);color:rgb(0, 0, 0);}<\/style><a href=\"http:\/\/prueba.fundacionginer.org\/en\/amigos-ile\/\" title=\"Become a friend of the ILE\" class=\"btn btn-default text-uppercase btn-md btn-bordered border-thin ld_button_69e376328006a vc_custom_1676392067008\">\n\t<span>\n\t\t\n\t\t\t\t\t<span class=\"btn-txt\">Become a friend<\/span>\n\t\t\t\n\t\t\t\t<\/span>\n<\/a>\n<div class=\"vc_empty_space\"   style=\"height: 25px\"><span class=\"vc_empty_space_inner\"><\/span><\/div><\/div><\/div><\/div><\/div><div class=\"wpb_column vc_column_container vc_col-sm-4 liquid-column-69e3763280496\"><div class=\"vc_column-inner\"><div class=\"wpb_wrapper\"  ><div class=\"wpb_wrapper-inner\"><\/div><\/div><\/div><\/div><\/div><\/div><\/div><\/div><\/div><\/div><\/div><\/section><style>@media (min-width: 1200px) { .liquid-row-responsive-69e3763280581 {margin-top:50px !important; margin-bottom:50px !important;  }  }   <\/style><section id=\"rehabilitacion\" class=\"vc_row wpb_row vc_row-fluid vc_custom_1666281403638 row-contains-padding-bottom liquid-row-responsive-69e3763280581 liquid-row-shadowbox-69e376328058e\"><div class=\"ld-container container\"><div class=\"row ld-row\"><div class=\"wpb_column vc_column_container vc_col-sm-12 liquid-column-69e376328067d\"><div class=\"vc_column-inner\"><div class=\"wpb_wrapper\"   ><div class=\"wpb_wrapper-inner\"><style>@media (min-width: 992px) { .ld_fancy_heading_69e376328071f h2 {margin-bottom:0.2em !important;  }  } .ld_fancy_heading_69e376328071f .lqd-highlight-inner{height:0.275em;bottom:0px;}@media (min-width: 992px) { .ld_fancy_heading_69e376328071f h2 {margin-bottom:0.2em !important;  }  } <\/style><div class=\"ld-fancy-heading text-uppercase ld_fancy_heading_69e376328071f\">\n\t<h2 class=\"lqd-highlight-underline lqd-highlight-grow-left\" ><span class=\"ld-fh-txt\"> Rehabilitation of its headquarters<\/span><\/h2><\/div><style>.ld_spacer_69e37632809f5{height:20px;}<\/style>\n<div class=\"ld-empty-space ld_spacer_69e37632809f5\"><span class=\"liquid_empty_space_inner\"><\/span><\/div><div class=\"vc_separator wpb_content_element vc_separator_align_center vc_sep_width_10 vc_sep_pos_align_left vc_separator_no_text wpb_content_element  wpb_content_element\" ><span class=\"vc_sep_holder vc_sep_holder_l\"><span style=\"border-color:#000000;\" class=\"vc_sep_line\"><\/span><\/span><span class=\"vc_sep_holder vc_sep_holder_r\"><span style=\"border-color:#000000;\" class=\"vc_sep_line\"><\/span><\/span>\n<\/div><div class=\"vc_row wpb_row vc_inner vc_row-fluid liquid-row-shadowbox-69e3763280be7 vc_row-o-content-middle vc_row-flex\"><div class=\"wpb_column vc_column_container vc_col-sm-6 liquid-column-69e3763280d84\"><div class=\"vc_column-inner\"><div class=\"wpb_wrapper\"  ><div class=\"wpb_wrapper-inner\"><div class=\"vc_empty_space\"   style=\"height: 20px\"><span class=\"vc_empty_space_inner\"><\/span><\/div>\n\t<div class=\"wpb_text_column wpb_content_element vc_custom_1666355546832\" >\n\t\t<div class=\"wpb_wrapper\">\n\t\t\t<div style=\"width: 100%; padding-top: 64%; position: relative; border-bottom: 1px solid #aaa; display: inline-block; background: rgba(255,255,255,0.9);\">\n<p><iframe style=\"width: 100%; height: 90%; position: absolute; left: 0; top: 0; overflow: hidden; border: none; background-color: transparent;\" src=\"https:\/\/secure-embed.rtve.es\/drmn\/embed\/video\/3304267\" name=\"Fundaci\u00f3n Giner de los R\u00edos\" scrolling=\"no\" allowfullscreen=\"allowfullscreen\"><\/iframe><\/p>\n<div style=\"position: absolute; bottom: 0; left: 0; font-family: arial,helvetica,sans-serif; font-size: 12px; line-height: 1.833; display: inline-block; padding: 5px 0 5px 10px;\"><span style=\"float: left; margin-right: 10px;\"> <img decoding=\"async\" style=\"height: 20px; width: auto; background: transparent; padding: 0; margin: 0;\" src=\"https:\/\/img2.rtve.es\/css\/rtve.commons\/rtve.header.footer\/i\/logoRTVEes.png\" alt=\"\" \/> <\/span> <a style=\"color: #333; font-weight: bold;\" title=\"Fundaci\u00f3n Giner de los R\u00edos\" href=\"https:\/\/www.rtve.es\/play\/videos\/la-aventura-del-saber\/aventuraginer\/3304267\/\"> <strong>Fundaci\u00f3n Giner de los R\u00edos<\/strong> <\/a><\/div>\n<\/div>\n\n\t\t<\/div>\n\t<\/div>\n<\/div><\/div><\/div><\/div><style>@media (min-width: 1200px) { .liquid-column-responsive-69e3763280fbb > .vc_column-inner > .wpb_wrapper {padding-left:30px !important;  }  } <\/style><div class=\"wpb_column vc_column_container vc_col-sm-6 liquid-column-69e3763280fb9 liquid-column-responsive-69e3763280fbb\"><div class=\"vc_column-inner\"><div class=\"wpb_wrapper\"  ><div class=\"wpb_wrapper-inner\">\n\t<div class=\"wpb_text_column wpb_content_element\" >\n\t\t<div class=\"wpb_wrapper\">\n\t\t\t<p>To give a decisive impetus to the work of the Foundation and to open a new stage in the activity of the ILE, its Board of Trustees launched the rehabilitation and expansion of its historical headquarters in the paseo del General Mart\u00ednez Campos, Madrid in 2003, with the goal of saving the site, and to adapt it to current needs. The project was designed by the architects Cristina D\u00edaz Moreno and Efr\u00e9n Garc\u00eda Grinda, and the landscape designer Teresa Gal\u00ed-Izard.<\/p>\n<p>Its culmination in the summer of 2014 introduced a new era for activity at the ILE: as a place of memory that retains and disseminates the historical Institutionalist legacy and as a centre of reflection and foresight to give impetus to the modernization of education and culture of our country, providing citizens with new educational and cultural infrastructure,.<\/p>\n<p>Among other distinctions, the project was part of the Spain Pavilion at the Venice Architecture Biennale in 2014, and won the First Prize of the COAM in 2015.<\/p>\n\n\t\t<\/div>\n\t<\/div>\n<\/div><\/div><\/div><\/div><\/div><\/div><\/div><\/div><\/div><\/div><\/div><\/section><style>@media (min-width: 1200px) { .liquid-row-responsive-69e37632810cc {padding-top:120px !important; padding-bottom:120px !important;  }  }   <\/style><section id=\"visitas-guiadas\" data-parallax=\"true\" data-parallax-options='{\"parallaxBG\":true}' data-bg-image=\"url\" class=\"vc_row wpb_row vc_row-fluid vc_custom_1677071738219 row-contains-padding-top row-contains-padding-bottom liquid-row-responsive-69e37632810cc liquid-row-shadowbox-69e37632810d7 vc_row-has-fill vc_row-has-bg\"><div class=\"liquid-row-overlay\" style=\"background:rgba(0, 0, 0, 0.6)\"><\/div><div class=\"ld-container container\"><div class=\"row ld-row\"><div class=\"wpb_column vc_column_container vc_col-sm-12 liquid-column-69e37632811b0\"><div class=\"vc_column-inner\"><div class=\"wpb_wrapper\"   ><div class=\"wpb_wrapper-inner\"><div class=\"vc_row wpb_row vc_inner vc_row-fluid vc_custom_1677071595059 liquid-row-shadowbox-69e37632812d4\"><div class=\"wpb_column vc_column_container vc_col-sm-6 liquid-column-69e376328142c\"><div class=\"vc_column-inner\"><div class=\"wpb_wrapper\"  ><div class=\"wpb_wrapper-inner\"><div class=\"vc_empty_space\"   style=\"height: 20px\"><span class=\"vc_empty_space_inner\"><\/span><\/div><style>.ld_fancy_heading_69e37632814e3 h2{color:rgb(255, 255, 255);}.ld_fancy_heading_69e37632814e3 h2 {margin-top:0px !important; margin-bottom:0px !important;  } .ld_fancy_heading_69e37632814e3 .lqd-highlight-inner{height:0.275em;bottom:0px;}.ld_fancy_heading_69e37632814e3 h2 {margin-top:0px !important; margin-bottom:0px !important;  } <\/style><div class=\"ld-fancy-heading text-uppercase ld_fancy_heading_69e37632814e3\">\n\t<h2 class=\"lqd-highlight-underline lqd-highlight-grow-left\" data-fittext=\"true\" data-fittext-options='{\"compressor\":0.5,\"maxFontSize\":\"currentFontSize\",\"minFontSize\":\"\"}'><span class=\"ld-fh-txt\"> Guided tours<\/span><\/h2><\/div><div class=\"vc_empty_space\"   style=\"height: 30px\"><span class=\"vc_empty_space_inner\"><\/span><\/div><div class=\"vc_separator wpb_content_element vc_separator_align_center vc_sep_width_20 vc_sep_pos_align_left vc_separator_no_text vc_custom_1677071589671 wpb_content_element  vc_custom_1677071589671 wpb_content_element\" ><span class=\"vc_sep_holder vc_sep_holder_l\"><span style=\"border-color:#ffffff;\" class=\"vc_sep_line\"><\/span><\/span><span class=\"vc_sep_holder vc_sep_holder_r\"><span style=\"border-color:#ffffff;\" class=\"vc_sep_line\"><\/span><\/span>\n<\/div><div class=\"vc_empty_space\"   style=\"height: 35px\"><span class=\"vc_empty_space_inner\"><\/span><\/div><\/div><\/div><\/div><\/div><div class=\"wpb_column vc_column_container vc_col-sm-6 liquid-column-69e3763281a49\"><div class=\"vc_column-inner\"><div class=\"wpb_wrapper\"  ><div class=\"wpb_wrapper-inner\"><\/div><\/div><\/div><\/div><\/div><div class=\"vc_row wpb_row vc_inner vc_row-fluid liquid-row-shadowbox-69e3763281b4a\"><div class=\"wpb_column vc_column_container vc_col-sm-8 liquid-column-69e3763281cd5\"><div class=\"vc_column-inner\"><div class=\"wpb_wrapper\"  ><div class=\"wpb_wrapper-inner\"><style>.ld_fancy_heading_69e3763281d6b p{font-size:16px;line-height:30px;font-weight:500;letter-spacing:0.2em;color:rgb(255, 255, 255);}@media (min-width: 992px) { .ld_fancy_heading_69e3763281d6b p {margin-right:20% !important;  }  } .ld_fancy_heading_69e3763281d6b .lqd-highlight-inner{height:0.275em;bottom:0px;}@media (min-width: 992px) { .ld_fancy_heading_69e3763281d6b p {margin-right:20% !important;  }  } <\/style><div class=\"ld-fancy-heading ld_fancy_heading_69e3763281d6b\">\n\t<p class=\"lqd-highlight-underline lqd-highlight-grow-left\" ><span class=\"ld-fh-txt\"> At the Instituci\u00f3n Libre de Ense\u00f1anza we receive school groups, architects, universities and cultural associations. If you are interested in organising a guided tour and learning about the history of the ILE, the architectural rehabilitation project and our current activity, you can write to us at <a href=\"mailto:actividades@fundacionginer.org\">actividades@fundacionginer.org<\/a><\/span><\/p><\/div><div class=\"vc_empty_space\"   style=\"height: 25px\"><span class=\"vc_empty_space_inner\"><\/span><\/div><\/div><\/div><\/div><\/div><div class=\"wpb_column vc_column_container vc_col-sm-4 liquid-column-69e3763282054\"><div class=\"vc_column-inner\"><div class=\"wpb_wrapper\"  ><div class=\"wpb_wrapper-inner\"><\/div><\/div><\/div><\/div><\/div><\/div><\/div><\/div><\/div><\/div><\/div><\/section>\n<\/div>","protected":false},"excerpt":{"rendered":"La ILE Qui\u00e9nes somos La Instituci\u00f3n Libre de Ense\u00f1anza (ILE) es un n\u00facleo de reflexi\u00f3n...","protected":false},"author":1,"featured_media":0,"parent":0,"menu_order":0,"comment_status":"closed","ping_status":"closed","template":"","meta":{"_acf_changed":false,"footnotes":""},"class_list":["post-5267","page","type-page","status-publish","hentry"],"acf":[],"_links":{"self":[{"href":"https:\/\/prueba.fundacionginer.org\/en\/wp-json\/wp\/v2\/pages\/5267","targetHints":{"allow":["GET"]}}],"collection":[{"href":"https:\/\/prueba.fundacionginer.org\/en\/wp-json\/wp\/v2\/pages"}],"about":[{"href":"https:\/\/prueba.fundacionginer.org\/en\/wp-json\/wp\/v2\/types\/page"}],"author":[{"embeddable":true,"href":"https:\/\/prueba.fundacionginer.org\/en\/wp-json\/wp\/v2\/users\/1"}],"replies":[{"embeddable":true,"href":"https:\/\/prueba.fundacionginer.org\/en\/wp-json\/wp\/v2\/comments?post=5267"}],"version-history":[{"count":125,"href":"https:\/\/prueba.fundacionginer.org\/en\/wp-json\/wp\/v2\/pages\/5267\/revisions"}],"predecessor-version":[{"id":11058,"href":"https:\/\/prueba.fundacionginer.org\/en\/wp-json\/wp\/v2\/pages\/5267\/revisions\/11058"}],"wp:attachment":[{"href":"https:\/\/prueba.fundacionginer.org\/en\/wp-json\/wp\/v2\/media?parent=5267"}],"curies":[{"name":"wp","href":"https:\/\/api.w.org\/{rel}","templated":true}]}}