{"id":3,"date":"2022-10-03T09:42:48","date_gmt":"2022-10-03T09:42:48","guid":{"rendered":"http:\/\/prueba.fundacionginer.org\/?page_id=3"},"modified":"2023-07-05T10:25:02","modified_gmt":"2023-07-05T08:25:02","slug":"politica-privacidad","status":"publish","type":"page","link":"https:\/\/prueba.fundacionginer.org\/en\/politica-privacidad\/","title":{"rendered":"Privacy policy"},"content":{"rendered":"<div class=\"wpb-content-wrapper\"><style>@media (min-width: 1200px) { .liquid-row-responsive-69e07ef6023d5 {margin-bottom:50px !important;  }  }   <\/style><section class=\"vc_row wpb_row vc_row-fluid vc_custom_1688544639364 liquid-row-responsive-69e07ef6023d5 liquid-row-shadowbox-69e07ef6023e9\"><div class=\"ld-container container\"><div class=\"row ld-row\"><div class=\"wpb_column vc_column_container vc_col-sm-12 liquid-column-69e07ef6026fc\"><div class=\"vc_column-inner\"><div class=\"wpb_wrapper \"   ><div class=\"wpb_wrapper-inner\">\n\t<div class=\"wpb_text_column wpb_content_element vc_custom_1688544819071\" >\n\t\t<div class=\"wpb_wrapper\">\n\t\t\t<h2>Pol\u00edtica de privacidad<\/h2>\n\n\t\t<\/div>\n\t<\/div>\n<div class=\"vc_separator wpb_content_element vc_separator_align_center vc_sep_width_10 vc_sep_pos_align_left vc_separator_no_text vc_sep_color_black wpb_content_element  wpb_content_element\" ><span class=\"vc_sep_holder vc_sep_holder_l\"><span class=\"vc_sep_line\"><\/span><\/span><span class=\"vc_sep_holder vc_sep_holder_r\"><span class=\"vc_sep_line\"><\/span><\/span>\n<\/div>\n\t<div class=\"wpb_text_column wpb_content_element\" >\n\t\t<div class=\"wpb_wrapper\">\n\t\t\t<h2>Protecci\u00f3n de Datos de Car\u00e1cter Personal<\/h2>\n<h3>1. Responsable del tratamiento<\/h3>\n<p>De acuerdo con el Reglamento (UE) 2016\/679 del Parlamento Europeo y del Consejo, de 27 de abril, relativo a la protecci\u00f3n de las personas f\u00edsicas en lo que respecta al tratamiento de datos personales y a la libre circulaci\u00f3n de estos datos, le comunicamos que el responsable del tratamiento de los datos personales es la Fundaci\u00f3n Francisco Giner de los R\u00edos [Instituci\u00f3n Libre de Ense\u00f1anza] (en adelante \u201cla ILE\u201d).<\/p>\n<p>El interesado, al facilitar voluntariamente sus datos personales a trav\u00e9s de los formularios de solicitud de informaci\u00f3n de la Instituci\u00f3n Libre de Ense\u00f1anza, consiente que la ILE pueda tratar esos datos en los t\u00e9rminos de la presente Pol\u00edtica de Privacidad y para los fines aqu\u00ed expresados.<\/p>\n<p><strong>Datos del Responsable<\/strong><br \/>\nFundaci\u00f3n Francisco Giner de los R\u00edos [Instituci\u00f3n Libre de Ense\u00f1anza]<br \/>\nPaseo General Mart\u00ednez Campos, 14, 28010 Madrid.<br \/>\nCIF: G-78054103<br \/>\nTel.: +34 91 44 60 197<br \/>\nile@fundacionginer.org<br \/>\n<span style=\"text-decoration: underline;\">www.institucionlibredeensenanza.org<\/span><\/p>\n<h3>2. Finalidad de uso de los datos<\/h3>\n<p>Env\u00edo de informaci\u00f3n peri\u00f3dica sobre todas las actividades que realizan la Fundaci\u00f3n Francisco Giner de los R\u00edos [Instituci\u00f3n Libre de Ense\u00f1anza] y la Corporaci\u00f3n de Antiguos Alumnos y Amigos de la Instituci\u00f3n Libre de Ense\u00f1anza.<\/p>\n<p>Los datos personales ser\u00e1n tratados exclusivamente para los fines anteriormente mencionados y se mantendr\u00e1n hasta que se solicite la supresi\u00f3n por parte del interesado.<\/p>\n<h3>3. Legitimaci\u00f3n<\/h3>\n<p>La base legal para el tratamiento de los datos del interesado es su consentimiento como titular de los mismos. La informaci\u00f3n que facilite el usuario deber\u00e1 ser veraz. A la hora de facilitar los datos de registro el interesado garantiza la autenticidad de dichos datos.<\/p>\n<h3>4. Destinatarios<\/h3>\n<p>Los datos personales objeto de tratamiento no ser\u00e1n comunicados a terceras personas, salvo autorizaci\u00f3n expresa del interesado.<\/p>\n<h3>5. Derechos<\/h3>\n<p>El interesado podr\u00e1 en cualquier momento ejercitar los derechos que le son reconocidos por el RGPD 2016\/679, del Parlamento Europeo de 27 de abril, relativo a la protecci\u00f3n de datos personales de las personas f\u00edsicas:<\/p>\n<p>Derecho a obtener del responsable del tratamiento la confirmaci\u00f3n de si se est\u00e1n tratando o no datos personales que le conciernen y, en tal caso, derecho de acceso a los datos personales.<br \/>\nDerecho a solicitar la rectificaci\u00f3n de sus datos personales inexactos.<br \/>\nDerecho a la supresi\u00f3n de sus datos personales.<br \/>\nDerecho a la limitaci\u00f3n de su tratamiento.<br \/>\nDerecho a la portabilidad de los datos.<br \/>\nDerecho a oponerse al tratamiento de sus datos.<br \/>\nSi tiene cualquier consulta o desea ejercitar sus derechos, podr\u00e1 dirigir su petici\u00f3n a la ILE, Paseo General Mart\u00ednez Campos, 14, 28010 Madrid, o escribirnos a ile@fundacionginer.org.<\/p>\n<h3>6. Cookies<\/h3>\n<p>La web utiliza cookies de terceros con fines anal\u00edticos que se instalan en el navegador del usuario mediante el uso de la herramienta gratuita Google Analytics, cuya finalidad es recabar estad\u00edsticas de actividad del usuario. Estas herramientas utilizan para analizar informaci\u00f3n sobre la audiencia -n\u00famero de usuarios que visitan la web y duraci\u00f3n de la visita- y datos sociodemogr\u00e1ficos de los usuarios. Para m\u00e1s informaci\u00f3n sobre las cookies y c\u00f3mo deshabilitarlas visite nuestra p\u00e1gina Pol\u00edtica de Cookies.<\/p>\n<p>\u00a9 2018, Fundaci\u00f3n Francisco Giner de los R\u00edos [Instituci\u00f3n Libre de Ense\u00f1anza]<\/p>\n\n\t\t<\/div>\n\t<\/div>\n<div class=\"vc_empty_space\"   style=\"height: 32px\"><span class=\"vc_empty_space_inner\"><\/span><\/div><\/div><\/div><\/div><\/div><\/div><\/div><\/section><section class=\"vc_row wpb_row vc_row-fluid liquid-row-shadowbox-69e07ef602c64\"><div class=\"ld-container container\"><div class=\"row ld-row\"><div class=\"wpb_column vc_column_container vc_col-sm-12 liquid-column-69e07ef602e23\"><div class=\"vc_column-inner\"><div class=\"wpb_wrapper \"   ><div class=\"wpb_wrapper-inner\">\n\t<div class=\"wpb_text_column wpb_content_element\" >\n\t\t<div class=\"wpb_wrapper\">\n\t\t\t\n\t\t<\/div>\n\t<\/div>\n<\/div><\/div><\/div><\/div><\/div><\/div><\/section><!-- \/wp:post-content --><\/div>","protected":false},"excerpt":{"rendered":"Pol\u00edtica de privacidad Protecci\u00f3n de Datos de Car\u00e1cter Personal 1. Responsable del tratamiento De acuerdo...","protected":false},"author":1,"featured_media":0,"parent":0,"menu_order":0,"comment_status":"closed","ping_status":"open","template":"","meta":{"_acf_changed":false,"footnotes":""},"class_list":["post-3","page","type-page","status-publish","hentry"],"acf":[],"_links":{"self":[{"href":"https:\/\/prueba.fundacionginer.org\/en\/wp-json\/wp\/v2\/pages\/3","targetHints":{"allow":["GET"]}}],"collection":[{"href":"https:\/\/prueba.fundacionginer.org\/en\/wp-json\/wp\/v2\/pages"}],"about":[{"href":"https:\/\/prueba.fundacionginer.org\/en\/wp-json\/wp\/v2\/types\/page"}],"author":[{"embeddable":true,"href":"https:\/\/prueba.fundacionginer.org\/en\/wp-json\/wp\/v2\/users\/1"}],"replies":[{"embeddable":true,"href":"https:\/\/prueba.fundacionginer.org\/en\/wp-json\/wp\/v2\/comments?post=3"}],"version-history":[{"count":6,"href":"https:\/\/prueba.fundacionginer.org\/en\/wp-json\/wp\/v2\/pages\/3\/revisions"}],"predecessor-version":[{"id":7177,"href":"https:\/\/prueba.fundacionginer.org\/en\/wp-json\/wp\/v2\/pages\/3\/revisions\/7177"}],"wp:attachment":[{"href":"https:\/\/prueba.fundacionginer.org\/en\/wp-json\/wp\/v2\/media?parent=3"}],"curies":[{"name":"wp","href":"https:\/\/api.w.org\/{rel}","templated":true}]}}