{"id":10810,"date":"2023-11-30T18:30:48","date_gmt":"2023-11-30T16:30:48","guid":{"rendered":"http:\/\/prueba.fundacionginer.org\/?page_id=10810"},"modified":"2023-11-30T19:50:24","modified_gmt":"2023-11-30T17:50:24","slug":"prensa-aprender-ciencia-hacer-ciencia","status":"publish","type":"page","link":"https:\/\/prueba.fundacionginer.org\/en\/prensa-aprender-ciencia-hacer-ciencia\/","title":{"rendered":"Prensa &#8211; Aprender ciencia \/ Hacer ciencia"},"content":{"rendered":"<div class=\"wpb-content-wrapper\"><style>@media (min-width: 1200px) { .liquid-row-responsive-69e780830cc5e {margin-bottom:50px !important;  }  }   <\/style><section class=\"vc_row wpb_row vc_row-fluid vc_custom_1701361206428 liquid-row-responsive-69e780830cc5e liquid-row-shadowbox-69e780830cc6f\"><div class=\"ld-container container\"><div class=\"row ld-row\"><div class=\"wpb_column vc_column_container vc_col-sm-1 liquid-column-69e780830cdab\"><div class=\"vc_column-inner\"><div class=\"wpb_wrapper\"   ><div class=\"wpb_wrapper-inner\"><\/div><\/div><\/div><\/div><div class=\"wpb_column vc_column_container vc_col-sm-10 liquid-column-69e780830ce62\"><div class=\"vc_column-inner\"><div class=\"wpb_wrapper\"   ><div class=\"wpb_wrapper-inner\"><div class=\"vc_empty_space\"   style=\"height: 32px\"><span class=\"vc_empty_space_inner\"><\/span><\/div><h3 style=\"font-size: 24px;color: #5e5e5e;text-align: left\" class=\"vc_custom_heading\"  >Press<\/h3><h1 style=\"font-size: 32px;color: #0a0000;text-align: left\" class=\"vc_custom_heading\"  >Aprender ciencia\/Hacer ciencia<\/h1><div class=\"vc_empty_space\"   style=\"height: 12px\"><span class=\"vc_empty_space_inner\"><\/span><\/div>\n\t<div class=\"wpb_text_column wpb_content_element\" >\n\t\t<div class=\"wpb_wrapper\">\n\t\t\t<p>Entre octubre de 2021 y septiembre de 2022, la ILE organiza el programa \u00abAprender ciencia \/ Hacer ciencia\u00bb, una serie de actividades de educaci\u00f3n cient\u00edfica en formato de talleres pr\u00e1cticos y excursiones did\u00e1cticas destinadas a ni\u00f1os\/as de 7 a 12 a\u00f1os\u00a0con el fin de acercar la ciencia a los m\u00e1s peque\u00f1os y despertar en ellos su vocaci\u00f3n cient\u00edfica.<\/p>\n<p>El eje central del programa, que cuenta con la colaboraci\u00f3n de la Fundaci\u00f3n Espa\u00f1ola para la Ciencia y la Tecnolog\u00eda \u2013 Ministerio de Ciencia e Innovaci\u00f3n y de la Residencia de Estudiantes,\u00a0ser\u00e1 la naturaleza, en estrecha conexi\u00f3n con la sostenibilidad y el desarrollo sostenible, siguiendo los objetivos de la Agenda 2030. Adem\u00e1s, 2022 ser\u00e1 el A\u00f1o Internacional de las Ciencias B\u00e1sicas para el Desarrollo Sostenible. Siguiendo esta l\u00ednea de actuaci\u00f3n, se ha dise\u00f1ado un programa centrado en actividades de educaci\u00f3n ambiental adaptado a diferentes edades, centrado en los valores y los recursos naturales y culturales de las diferentes zonas de actuaci\u00f3n y su entorno.<\/p>\n<p>Entre las actividades programadas, que tendr\u00e1n lugar en Madrid, destacan varias excursiones cient\u00edficas a la Sierra del Guadarrama, donde los participantes podr\u00e1n investigar sobre la flora, la geograf\u00eda, el paisaje\u2026 de la mano de reconocidos cient\u00edficos como Pedro Nicol\u00e1s y Leonardo Fern\u00e1ndez Troyano, entre otros; paseos did\u00e1cticos, que llevar\u00e1n a los\/as ni\u00f1os\/as a pastorear el reba\u00f1o de ovejas y cabras del Concejo de la Mesta, en colaboraci\u00f3n con la Asociaci\u00f3n Trashumancia y Naturaleza y acompa\u00f1ados de Jes\u00fas Garz\u00f3n; y diferentes talleres que se realizar\u00e1n en la sede de la ILE, en Mart\u00ednez Campos, donde podr\u00e1n trabajar diferentes conceptos dentro del laboratorio (como la \u00f3smosis, la capilaridad, el ADN, las huellas dactilares o la formaci\u00f3n de geodas), as\u00ed como al aire libre, en el jard\u00edn (como por ejemplo el rastreo de mam\u00edferos ib\u00e9ricos a trav\u00e9s de sus huellas y excrementos, la colocaci\u00f3n y an\u00e1lisis de c\u00e1maras de fototrampeo, etc.).<\/p>\n<p>Todos los materiales generados durante las actividades \u2013gu\u00edas did\u00e1cticas, fotos, v\u00eddeos, etc.\u2013, quedar\u00e1n disponibles en el sitio web\u00a0<a href=\"https:\/\/www.fundacionginer.org\/aprenderciencia\/\">www.fundacionginer.org\/aprenderciencia\/<\/a><s><\/s><\/p>\n<p><b>Para m\u00e1s informaci\u00f3n<\/b><br \/>\nSilvia Basanta<br \/>\nCoordinadora de actividades<br \/>\nEscuela de Animaci\u00f3n y Tiempo Libre<br \/>\nInstituci\u00f3n Libre de Ense\u00f1anza<br \/>\n<a href=\"mailto:escueladetiempolibre@fundacionginer.org\"><span class=\"EnlacedeInternet\">escueladetiempolibre@fundacionginer.org<\/span><br \/>\n<\/a>+34 626 682 218<\/p>\n\n\t\t<\/div>\n\t<\/div>\n<div class=\"vc_empty_space\"   style=\"height: 40px\"><span class=\"vc_empty_space_inner\"><\/span><\/div><div class=\"vc_separator wpb_content_element vc_separator_align_center vc_sep_width_100 vc_sep_pos_align_center vc_separator_no_text vc_sep_color_grey wpb_content_element  wpb_content_element\" ><span class=\"vc_sep_holder vc_sep_holder_l\"><span class=\"vc_sep_line\"><\/span><\/span><span class=\"vc_sep_holder vc_sep_holder_r\"><span class=\"vc_sep_line\"><\/span><\/span>\n<\/div>\n\t<div class=\"wpb_text_column wpb_content_element\" >\n\t\t<div class=\"wpb_wrapper\">\n\t\t\t<h2><span style=\"font-size: 21px; color: #007da9;\"><strong>NOTA DE PRENSA<\/strong><\/span><\/h2>\n\n\t\t<\/div>\n\t<\/div>\n<div class=\"vc_empty_space\"   style=\"height: 10px\"><span class=\"vc_empty_space_inner\"><\/span><\/div><a href=\"http:\/\/prueba.fundacionginer.org\/wp-content\/uploads\/2023\/11\/Nota_de_prensa_Aprender_ciencia.pdf\" target=\"_blank\" class=\"btn btn-default btn-bordered border-thin btn-icon-left ld_button_69e780830d347\">\n\t<span>\n\t\t\n\t\t\t\t\t<span class=\"btn-txt\">Learning science \/ Making science<\/span>\n\t\t\t\n\t<span class=\"btn-icon\"><i class=\"far fa-file-pdf\"><\/i><\/span>\t\t\t<\/span>\n<\/a>\n<div class=\"vc_empty_space\"   style=\"height: 40px\"><span class=\"vc_empty_space_inner\"><\/span><\/div><div class=\"vc_separator wpb_content_element vc_separator_align_center vc_sep_width_100 vc_sep_pos_align_center vc_separator_no_text vc_sep_color_grey wpb_content_element  wpb_content_element\" ><span class=\"vc_sep_holder vc_sep_holder_l\"><span class=\"vc_sep_line\"><\/span><\/span><span class=\"vc_sep_holder vc_sep_holder_r\"><span class=\"vc_sep_line\"><\/span><\/span>\n<\/div>\n\t<div class=\"wpb_text_column wpb_content_element\" >\n\t\t<div class=\"wpb_wrapper\">\n\t\t\t<h2><span style=\"font-size: 21px; color: #007da9;\"><strong>Difusiones 2021-22<\/strong><\/span><\/h2>\n\n\t\t<\/div>\n\t<\/div>\n<div class=\"vc_empty_space\"   style=\"height: 15px\"><span class=\"vc_empty_space_inner\"><\/span><\/div><div class=\"vc_row wpb_row vc_inner vc_row-fluid liquid-row-shadowbox-69e780830d522\"><div class=\"wpb_column vc_column_container vc_col-sm-7 liquid-column-69e780830e764\"><div class=\"vc_column-inner\"><div class=\"wpb_wrapper\"  ><div class=\"wpb_wrapper-inner\"><a href=\"http:\/\/prueba.fundacionginer.org\/wp-content\/uploads\/2023\/11\/202217Oct_trashumancia.pdf\" target=\"_blank\" class=\"btn btn-default btn-bordered border-thin btn-icon-left ld_button_69e780830e82a vc_custom_1701366622954\">\n\t<span>\n\t\t\n\t\t\t\t\t<span class=\"btn-txt\">Pastores trashumantes por un d\u00eda. 17 de octubre 2021<\/span>\n\t\t\t\n\t<span class=\"btn-icon\"><i class=\"far fa-file-pdf\"><\/i><\/span>\t\t\t<\/span>\n<\/a>\n<\/div><\/div><\/div><\/div><div class=\"wpb_column vc_column_container vc_col-sm-5 liquid-column-69e780830e95b\"><div class=\"vc_column-inner\"><div class=\"wpb_wrapper\"  ><div class=\"wpb_wrapper-inner\"><a href=\"http:\/\/prueba.fundacionginer.org\/wp-content\/uploads\/2023\/11\/20220Mar_abri_Aprender_ciencia.pdf\" target=\"_blank\" class=\"btn btn-default btn-bordered border-thin btn-icon-left ld_button_69e780830e9c8 vc_custom_1701366619001\">\n\t<span>\n\t\t\n\t\t\t\t\t<span class=\"btn-txt\">Talleres y paseos. Marzo - Abril 2022<\/span>\n\t\t\t\n\t<span class=\"btn-icon\"><i class=\"far fa-file-pdf\"><\/i><\/span>\t\t\t<\/span>\n<\/a>\n<\/div><\/div><\/div><\/div><\/div><div class=\"vc_empty_space\"   style=\"height: 15px\"><span class=\"vc_empty_space_inner\"><\/span><\/div><div class=\"vc_row wpb_row vc_inner vc_row-fluid liquid-row-shadowbox-69e780830eac0\"><div class=\"wpb_column vc_column_container vc_col-sm-6 liquid-column-69e780830eb44\"><div class=\"vc_column-inner\"><div class=\"wpb_wrapper\"  ><div class=\"wpb_wrapper-inner\"><a href=\"http:\/\/prueba.fundacionginer.org\/wp-content\/uploads\/2023\/11\/20228Mayo_aprender_ciencia.pdf\" target=\"_blank\" class=\"btn btn-default btn-bordered border-thin btn-icon-left ld_button_69e780830eba7 vc_custom_1701366599919\">\n\t<span>\n\t\t\n\t\t\t\t\t<span class=\"btn-txt\">Ruta del agua y la vida. Cercedilla 8 de mayo 2022<\/span>\n\t\t\t\n\t<span class=\"btn-icon\"><i class=\"far fa-file-pdf\"><\/i><\/span>\t\t\t<\/span>\n<\/a>\n<\/div><\/div><\/div><\/div><div class=\"wpb_column vc_column_container vc_col-sm-6 liquid-column-69e7808312486\"><div class=\"vc_column-inner\"><div class=\"wpb_wrapper\"  ><div class=\"wpb_wrapper-inner\"><a href=\"http:\/\/prueba.fundacionginer.org\/wp-content\/uploads\/2023\/11\/2022Mayo_Difusion_aprende_ciencia.pdf\" target=\"_blank\" class=\"btn btn-default btn-bordered border-thin btn-icon-left ld_button_69e780831250d vc_custom_1701366610439\">\n\t<span>\n\t\t\n\t\t\t\t\t<span class=\"btn-txt\">Talleres y excursiones cient\u00edficas. Mayo 2022<\/span>\n\t\t\t\n\t<span class=\"btn-icon\"><i class=\"far fa-file-pdf\"><\/i><\/span>\t\t\t<\/span>\n<\/a>\n<\/div><\/div><\/div><\/div><\/div><div class=\"vc_empty_space\"   style=\"height: 15px\"><span class=\"vc_empty_space_inner\"><\/span><\/div><div class=\"vc_row wpb_row vc_inner vc_row-fluid liquid-row-shadowbox-69e7808312630\"><div class=\"wpb_column vc_column_container vc_col-sm-7 liquid-column-69e78083126c0\"><div class=\"vc_column-inner\"><div class=\"wpb_wrapper\"  ><div class=\"wpb_wrapper-inner\"><a href=\"http:\/\/prueba.fundacionginer.org\/wp-content\/uploads\/2023\/11\/2022Jul_sept_Colonias_urbanas_dif.pdf\" target=\"_blank\" class=\"btn btn-default btn-bordered border-thin btn-icon-left ld_button_69e7808312726 vc_custom_1701366614653\">\n\t<span>\n\t\t\n\t\t\t\t\t<span class=\"btn-txt\">Colonias urbanas cient\u00edficas. Julio - Septiembre 2022<\/span>\n\t\t\t\n\t<span class=\"btn-icon\"><i class=\"far fa-file-pdf\"><\/i><\/span>\t\t\t<\/span>\n<\/a>\n<\/div><\/div><\/div><\/div><div class=\"wpb_column vc_column_container vc_col-sm-5 liquid-column-69e78083127ea\"><div class=\"vc_column-inner\"><div class=\"wpb_wrapper\"  ><div class=\"wpb_wrapper-inner\"><\/div><\/div><\/div><\/div><\/div><div class=\"vc_empty_space\"   style=\"height: 40px\"><span class=\"vc_empty_space_inner\"><\/span><\/div><div class=\"vc_separator wpb_content_element vc_separator_align_center vc_sep_width_100 vc_sep_pos_align_center vc_separator_no_text vc_sep_color_grey wpb_content_element  wpb_content_element\" ><span class=\"vc_sep_holder vc_sep_holder_l\"><span class=\"vc_sep_line\"><\/span><\/span><span class=\"vc_sep_holder vc_sep_holder_r\"><span class=\"vc_sep_line\"><\/span><\/span>\n<\/div>\n\t<div class=\"wpb_text_column wpb_content_element\" >\n\t\t<div class=\"wpb_wrapper\">\n\t\t\t<h2><span style=\"font-size: 21px; color: #007da9;\"><strong>MEDIOS<\/strong><\/span><\/h2>\n\n\t\t<\/div>\n\t<\/div>\n<div class=\"vc_empty_space\"   style=\"height: 10px\"><span class=\"vc_empty_space_inner\"><\/span><\/div><div class=\"vc_row wpb_row vc_inner vc_row-fluid liquid-row-shadowbox-69e7808312909\"><div class=\"wpb_column vc_column_container vc_col-sm-4 liquid-column-69e780831297f\"><div class=\"vc_column-inner\"><div class=\"wpb_wrapper\"  ><div class=\"wpb_wrapper-inner\"><a href=\"http:\/\/prueba.fundacionginer.org\/wp-content\/uploads\/2023\/11\/Talleres_y_Paseos_BILE.pdf\" target=\"_blank\" class=\"btn btn-default btn-bordered border-thin btn-icon-left ld_button_69e78083129de vc_custom_1701366291227\">\n\t<span>\n\t\t\n\t\t\t\t\t<span class=\"btn-txt\">Talleres y paseos<\/span>\n\t\t\t\n\t<span class=\"btn-icon\"><i class=\"far fa-file-pdf\"><\/i><\/span>\t\t\t<\/span>\n<\/a>\n<\/div><\/div><\/div><\/div><div class=\"wpb_column vc_column_container vc_col-sm-4 liquid-column-69e7808312a96\"><div class=\"vc_column-inner\"><div class=\"wpb_wrapper\"  ><div class=\"wpb_wrapper-inner\"><a href=\"http:\/\/prueba.fundacionginer.org\/wp-content\/uploads\/2023\/11\/Pastores_trashumantes_BILE.pdf\" target=\"_blank\" class=\"btn btn-default btn-bordered border-thin btn-icon-left ld_button_69e7808312af9 vc_custom_1701366286943\">\n\t<span>\n\t\t\n\t\t\t\t\t<span class=\"btn-txt\">Pastores trashumantes<\/span>\n\t\t\t\n\t<span class=\"btn-icon\"><i class=\"far fa-file-pdf\"><\/i><\/span>\t\t\t<\/span>\n<\/a>\n<\/div><\/div><\/div><\/div><div class=\"wpb_column vc_column_container vc_col-sm-4 liquid-column-69e7808312ba8\"><div class=\"vc_column-inner\"><div class=\"wpb_wrapper\"  ><div class=\"wpb_wrapper-inner\"><\/div><\/div><\/div><\/div><\/div><div class=\"vc_empty_space\"   style=\"height: 40px\"><span class=\"vc_empty_space_inner\"><\/span><\/div><\/div><\/div><\/div><\/div><div class=\"wpb_column vc_column_container vc_col-sm-1 liquid-column-69e7808312c7a\"><div class=\"vc_column-inner\"><div class=\"wpb_wrapper\"   ><div class=\"wpb_wrapper-inner\"><\/div><\/div><\/div><\/div><\/div><\/div><\/section>\n<\/div>","protected":false},"excerpt":{"rendered":"PrensaAprender ciencia\/Hacer ciencia Entre octubre de 2021 y septiembre de 2022, la ILE organiza el...","protected":false},"author":1,"featured_media":0,"parent":0,"menu_order":0,"comment_status":"closed","ping_status":"closed","template":"","meta":{"_acf_changed":false,"footnotes":""},"class_list":["post-10810","page","type-page","status-publish","hentry"],"acf":[],"_links":{"self":[{"href":"https:\/\/prueba.fundacionginer.org\/en\/wp-json\/wp\/v2\/pages\/10810","targetHints":{"allow":["GET"]}}],"collection":[{"href":"https:\/\/prueba.fundacionginer.org\/en\/wp-json\/wp\/v2\/pages"}],"about":[{"href":"https:\/\/prueba.fundacionginer.org\/en\/wp-json\/wp\/v2\/types\/page"}],"author":[{"embeddable":true,"href":"https:\/\/prueba.fundacionginer.org\/en\/wp-json\/wp\/v2\/users\/1"}],"replies":[{"embeddable":true,"href":"https:\/\/prueba.fundacionginer.org\/en\/wp-json\/wp\/v2\/comments?post=10810"}],"version-history":[{"count":19,"href":"https:\/\/prueba.fundacionginer.org\/en\/wp-json\/wp\/v2\/pages\/10810\/revisions"}],"predecessor-version":[{"id":10891,"href":"https:\/\/prueba.fundacionginer.org\/en\/wp-json\/wp\/v2\/pages\/10810\/revisions\/10891"}],"wp:attachment":[{"href":"https:\/\/prueba.fundacionginer.org\/en\/wp-json\/wp\/v2\/media?parent=10810"}],"curies":[{"name":"wp","href":"https:\/\/api.w.org\/{rel}","templated":true}]}}