{"id":10796,"date":"2023-11-30T18:21:44","date_gmt":"2023-11-30T16:21:44","guid":{"rendered":"http:\/\/prueba.fundacionginer.org\/?page_id=10796"},"modified":"2023-11-30T18:29:31","modified_gmt":"2023-11-30T16:29:31","slug":"equipo-de-trabajo-aprender-ciencia-hacer-ciencia","status":"publish","type":"page","link":"https:\/\/prueba.fundacionginer.org\/en\/equipo-de-trabajo-aprender-ciencia-hacer-ciencia\/","title":{"rendered":"Equipo de trabajo &#8211; Aprender ciencia \/ Hacer ciencia"},"content":{"rendered":"<div class=\"wpb-content-wrapper\"><style>@media (min-width: 1200px) { .liquid-row-responsive-69e7927bbbfed {margin-bottom:50px !important;  }  }   <\/style><section class=\"vc_row wpb_row vc_row-fluid vc_custom_1701361206428 liquid-row-responsive-69e7927bbbfed liquid-row-shadowbox-69e7927bbbffe\"><div class=\"ld-container container\"><div class=\"row ld-row\"><div class=\"wpb_column vc_column_container vc_col-sm-2 liquid-column-69e7927bbc11c\"><div class=\"vc_column-inner\"><div class=\"wpb_wrapper\"   ><div class=\"wpb_wrapper-inner\"><\/div><\/div><\/div><\/div><div class=\"wpb_column vc_column_container vc_col-sm-8 liquid-column-69e7927bbc1af\"><div class=\"vc_column-inner\"><div class=\"wpb_wrapper\"   ><div class=\"wpb_wrapper-inner\"><div class=\"vc_empty_space\"   style=\"height: 32px\"><span class=\"vc_empty_space_inner\"><\/span><\/div><h3 style=\"font-size: 24px;color: #5e5e5e;text-align: left\" class=\"vc_custom_heading\"  >Team work<\/h3><h1 style=\"font-size: 32px;color: #0a0000;text-align: left\" class=\"vc_custom_heading\"  >Aprender ciencia\/Hacer ciencia<\/h1><h3 style=\"font-size: 18px;color: #5e5e5e;text-align: left\" class=\"vc_custom_heading\"  >Septiembre 2021 - Junio 2022<\/h3><div class=\"vc_empty_space\"   style=\"height: 12px\"><span class=\"vc_empty_space_inner\"><\/span><\/div>\n\t<div class=\"wpb_text_column wpb_content_element\" >\n\t\t<div class=\"wpb_wrapper\">\n\t\t\t<ul>\n<li><strong>Silvia Basanta,<\/strong> m\u00e1ster en gesti\u00f3n de actividades en la naturaleza y coordinadora de ocio y tiempo libre, responsable de la planificaci\u00f3n, seguimiento y evaluaci\u00f3n de los talleres y excursiones cient\u00edficas.<\/li>\n<li><strong>Ana Handler,<\/strong> Doctora en Ciencias Qu\u00edmicas, dirigi\u00f3 los talleres y las visitas a centros de investigaci\u00f3n cient\u00edfica y elabor\u00f3 las gu\u00edas did\u00e1cticas de cada una de las actividades para ni\u00f1os.<\/li>\n<li><strong>V\u00edctor Dom\u00ednguez de Antonio,<\/strong> monitor de tiempo libre formado en la Escuela de Animaci\u00f3n y Tiempo Libre \u201cFrancisco Giner de los R\u00edos\u201d, se encarg\u00f3 de guiar los talleres y las visitas, as\u00ed como la excursi\u00f3n a la Sierra.<\/li>\n<li><strong>Itziar D\u00edaz- Delgado Menchero,<\/strong> monitora de tiempo libre formada en la Escuela de Animaci\u00f3n y Tiempo Libre \u201cFrancisco Giner de los R\u00edos\u201d, tambi\u00e9n se encarg\u00f3 de guiar los talleres, las visitas y la excursi\u00f3n a la Sierra.<\/li>\n<li><strong>Jes\u00fas Garz\u00f3n,<\/strong> patrono de la Fundaci\u00f3n, fundador de la Asociaci\u00f3n Trashumancia y Naturaleza y ganador del premio Orgullo Rural 2019, dirigir\u00e1 las actividades relacionadas con la trashumancia.<\/li>\n<li><strong>Pedro Nicol\u00e1s,<\/strong> profesor de Geograf\u00eda en la Universidad Aut\u00f3noma de Madrid y Presidente de la Real Sociedad Espa\u00f1ola de Alpinismo Pe\u00f1alara.<\/li>\n<li><strong>Nicol\u00e1s Ortega Cantero, <\/strong>catedr\u00e1tico de Geograf\u00eda Humana de la Universidad Aut\u00f3noma de Madrid, especialista en la Sierra de Guadarrama.<\/li>\n<\/ul>\n\n\t\t<\/div>\n\t<\/div>\n<div class=\"vc_empty_space\"   style=\"height: 40px\"><span class=\"vc_empty_space_inner\"><\/span><\/div><\/div><\/div><\/div><\/div><div class=\"wpb_column vc_column_container vc_col-sm-2 liquid-column-69e7927bbd6a6\"><div class=\"vc_column-inner\"><div class=\"wpb_wrapper\"   ><div class=\"wpb_wrapper-inner\"><\/div><\/div><\/div><\/div><\/div><\/div><\/section>\n<\/div>","protected":false},"excerpt":{"rendered":"Equipo de trabajoAprender ciencia\/Hacer cienciaSeptiembre 2021 - Junio 2022 Silvia Basanta, m\u00e1ster en gesti\u00f3n de...","protected":false},"author":1,"featured_media":0,"parent":0,"menu_order":0,"comment_status":"closed","ping_status":"closed","template":"","meta":{"_acf_changed":false,"footnotes":""},"class_list":["post-10796","page","type-page","status-publish","hentry"],"acf":[],"_links":{"self":[{"href":"https:\/\/prueba.fundacionginer.org\/en\/wp-json\/wp\/v2\/pages\/10796","targetHints":{"allow":["GET"]}}],"collection":[{"href":"https:\/\/prueba.fundacionginer.org\/en\/wp-json\/wp\/v2\/pages"}],"about":[{"href":"https:\/\/prueba.fundacionginer.org\/en\/wp-json\/wp\/v2\/types\/page"}],"author":[{"embeddable":true,"href":"https:\/\/prueba.fundacionginer.org\/en\/wp-json\/wp\/v2\/users\/1"}],"replies":[{"embeddable":true,"href":"https:\/\/prueba.fundacionginer.org\/en\/wp-json\/wp\/v2\/comments?post=10796"}],"version-history":[{"count":8,"href":"https:\/\/prueba.fundacionginer.org\/en\/wp-json\/wp\/v2\/pages\/10796\/revisions"}],"predecessor-version":[{"id":10809,"href":"https:\/\/prueba.fundacionginer.org\/en\/wp-json\/wp\/v2\/pages\/10796\/revisions\/10809"}],"wp:attachment":[{"href":"https:\/\/prueba.fundacionginer.org\/en\/wp-json\/wp\/v2\/media?parent=10796"}],"curies":[{"name":"wp","href":"https:\/\/api.w.org\/{rel}","templated":true}]}}