{"id":10783,"date":"2023-11-30T18:12:46","date_gmt":"2023-11-30T16:12:46","guid":{"rendered":"http:\/\/prueba.fundacionginer.org\/?page_id=10783"},"modified":"2023-11-30T18:23:34","modified_gmt":"2023-11-30T16:23:34","slug":"equipo-de-trabajo-aprender-ciencia-hacer-ciencia-en-la-naturaleza","status":"publish","type":"page","link":"https:\/\/prueba.fundacionginer.org\/en\/equipo-de-trabajo-aprender-ciencia-hacer-ciencia-en-la-naturaleza\/","title":{"rendered":"Equipo de trabajo &#8211; Aprender ciencia \/ Hacer ciencia (En la naturaleza)"},"content":{"rendered":"<div class=\"wpb-content-wrapper\"><style>@media (min-width: 1200px) { .liquid-row-responsive-69e7808339369 {margin-bottom:50px !important;  }  }   <\/style><section class=\"vc_row wpb_row vc_row-fluid vc_custom_1701361206428 liquid-row-responsive-69e7808339369 liquid-row-shadowbox-69e780833937a\"><div class=\"ld-container container\"><div class=\"row ld-row\"><div class=\"wpb_column vc_column_container vc_col-sm-2 liquid-column-69e78083394bd\"><div class=\"vc_column-inner\"><div class=\"wpb_wrapper\"   ><div class=\"wpb_wrapper-inner\"><\/div><\/div><\/div><\/div><div class=\"wpb_column vc_column_container vc_col-sm-8 liquid-column-69e780833ac33\"><div class=\"vc_column-inner\"><div class=\"wpb_wrapper\"   ><div class=\"wpb_wrapper-inner\"><div class=\"vc_empty_space\"   style=\"height: 32px\"><span class=\"vc_empty_space_inner\"><\/span><\/div><h3 style=\"font-size: 24px;color: #5e5e5e;text-align: left\" class=\"vc_custom_heading\"  >Team work<\/h3><h1 style=\"font-size: 32px;color: #0a0000;text-align: left\" class=\"vc_custom_heading\"  >Aprender ciencia\/Hacer ciencia (En la naturaleza)<\/h1><h3 style=\"font-size: 18px;color: #5e5e5e;text-align: left\" class=\"vc_custom_heading\"  >Abril - Septiembre 2023<\/h3><div class=\"vc_empty_space\"   style=\"height: 12px\"><span class=\"vc_empty_space_inner\"><\/span><\/div>\n\t<div class=\"wpb_text_column wpb_content_element\" >\n\t\t<div class=\"wpb_wrapper\">\n\t\t\t<h2><span style=\"font-size: 21px; color: #007da9;\"><strong>EQUIPO ORGANIZADOR<\/strong><\/span><\/h2>\n\n\t\t<\/div>\n\t<\/div>\n\n\t<div class=\"wpb_text_column wpb_content_element\" >\n\t\t<div class=\"wpb_wrapper\">\n\t\t\t<ul>\n<li><strong>Elisa Navas<\/strong>. Directora de la Fundaci\u00f3n Francisco Giner de los R\u00edos y responsable de la organizaci\u00f3n de las actividades de la Fundaci\u00f3n y del cumplimiento de los objetivos marcados.<\/li>\n<li><strong>Carlos Wert.<\/strong> Patrono de la Fundaci\u00f3n Francisco Giner de los R\u00edos, coordinador del proyecto educativo de la Fundaci\u00f3n y responsable de la planificaci\u00f3n y seguimiento de las diversas actividades que se enmarcan en dicho proyecto, as\u00ed como de los desarrollos tecnol\u00f3gicos asociados.<\/li>\n<li><strong>Celia Armenteras<\/strong>. Coordinadora de la organizaci\u00f3n de las actividades del programa y publicaciones en la web, inscripciones, etc.<\/li>\n<li><strong>Silvia Basanta<\/strong>. M\u00e1ster en Direcci\u00f3n de actividades educativas en la naturaleza, Maestra de Educaci\u00f3n Infantil y Coordinadora de ocio y tiempo libre, responsable de la planificaci\u00f3n, seguimiento y evaluaci\u00f3n de los talleres y excursiones cient\u00edficas.<\/li>\n<li><strong>Carlos Contreras<\/strong>. Coordinador desarrollos digitales y publicaciones en la web, inscripciones, etc. Ha dise\u00f1ado el plan de comunicaci\u00f3n del proyecto y su difusi\u00f3n a los distintos medios de comunicaci\u00f3n y a trav\u00e9s de las redes sociales de la Fundaci\u00f3n.<\/li>\n<li><strong>Roc\u00edo Garc\u00eda<\/strong>. Responsable de la gesti\u00f3n administrativa y econ\u00f3mica de las actividades de la Fundaci\u00f3n.<\/li>\n<li><strong>Estela Gim\u00e9nez<\/strong>. Responsable de la gesti\u00f3n de espacios, infraestructuras y equipos de mantenimiento y recepci\u00f3n de la Fundaci\u00f3n.<\/li>\n<li><strong>Javier Garc\u00eda<\/strong>. Periodista, de la Residencia de Estudiantes, colabor\u00f3 en el dise\u00f1o de los materiales y su difusi\u00f3n.<\/li>\n<\/ul>\n\n\t\t<\/div>\n\t<\/div>\n<div class=\"vc_empty_space\"   style=\"height: 32px\"><span class=\"vc_empty_space_inner\"><\/span><\/div><div class=\"vc_separator wpb_content_element vc_separator_align_center vc_sep_width_100 vc_sep_pos_align_center vc_separator_no_text vc_sep_color_grey wpb_content_element  wpb_content_element\" ><span class=\"vc_sep_holder vc_sep_holder_l\"><span class=\"vc_sep_line\"><\/span><\/span><span class=\"vc_sep_holder vc_sep_holder_r\"><span class=\"vc_sep_line\"><\/span><\/span>\n<\/div>\n\t<div class=\"wpb_text_column wpb_content_element\" >\n\t\t<div class=\"wpb_wrapper\">\n\t\t\t<h2><span style=\"font-size: 21px; color: #007da9;\"><strong>EQUIPO FORMADOR<\/strong><\/span><\/h2>\n\n\t\t<\/div>\n\t<\/div>\n\n\t<div class=\"wpb_text_column wpb_content_element\" >\n\t\t<div class=\"wpb_wrapper\">\n\t\t\t<h2><span style=\"font-size: 21px; color: #007da9;\"><strong>PROFESORADO Y GU\u00cdAS<\/strong><\/span><\/h2>\n\n\t\t<\/div>\n\t<\/div>\n<div class=\"vc_empty_space\"   style=\"height: 12px\"><span class=\"vc_empty_space_inner\"><\/span><\/div>\n\t<div class=\"wpb_text_column wpb_content_element\" >\n\t\t<div class=\"wpb_wrapper\">\n\t\t\t<ul>\n<li><strong>Itziar D\u00edaz-Delgado<\/strong>: Ambient\u00f3loga y Ge\u00f3grafa especializada en sostenibilidad ambiental y monitora de tiempo libre formada en la Escuela de Animaci\u00f3n y Tiempo Libre \u201cFrancisco Giner de los R\u00edos\u201d. Se encarg\u00f3 de los talleres \u201c<em>Un terrario Casero\u201d\u00a0<\/em>y \u201c<em>El ciclo del Agua\u201d.<\/em><\/li>\n<li><strong>V\u00edctor Dom\u00ednguez<\/strong>: educador ambiental, especializado en bot\u00e1nica, y monitor de tiempo libre formado en la Escuela de Animaci\u00f3n y Tiempo Libre \u201cFrancisco Giner de los R\u00edos\u201d. Se encarg\u00f3 de llevar el taller \u201c<em>Las plantas y la ciudad<\/em>\u201d.<\/li>\n<li><strong>Celia Gonz\u00e1lez S\u00e1nchez<\/strong>: Doctoranda en F\u00edsica de la Materia Condensada e investigadora en la UAM. Se encarg\u00f3 del taller \u201c<em>\u00bfFlotas o te hundes? El misterio de la densidad\u201d.<\/em><\/li>\n<li><strong>Juanjo Gonz\u00e1lez-Trueba<\/strong>: Doctor en Geograf\u00eda y profesor de la Universidad de Cantabria. Encargado de los talleres-excursi\u00f3n \u201c<em>Paisajes de Mar: Cultura Oce\u00e1nica<\/em>\u201d y \u201c<em>Paisajes de Tierra: mirando a la costa<\/em>\u201d junto a Mar\u00eda Gonz\u00e1lez Garc\u00eda.<\/li>\n<li><strong>Ra\u00fal Mart\u00edn Moreno<\/strong>: Ge\u00f3grafo y profesor del Departamento de Did\u00e1cticas Espec\u00edficas de la Facultad de Educaci\u00f3n de la UAM. Se encarg\u00f3 de la excursi\u00f3n a las lagunas de Pe\u00f1alara y a la Pedriza.<\/li>\n<li><strong>Peter Nicholas<\/strong>: Ge\u00f3grafo, alpinista, profesor en la Facultad de Educaci\u00f3n de la Universidad Aut\u00f3noma de Madrid y miembro de la Real Sociedad Espa\u00f1ola de Alpinismo Pe\u00f1alara. Se encarg\u00f3 de llevar las excursiones a Guadarrama, el Ventorrillo y Somosierra.<\/li>\n<li><strong>Eva Osuna<\/strong>: Doctoranda en F\u00edsica de la Materia Condensada e investigadora en IfiMAC. Se encarg\u00f3 de llevar el taller de F\u00edsica experimental<\/li>\n<li><strong>Pedro Romero Migu\u00e9lez<\/strong>: Ingeniero t\u00e9cnico agr\u00edcola, profesor en el Colegio Sierra Pambley (Hospital de \u00d3rbigo). Encargado de la excursi\u00f3n al Parque Quevedo.<\/li>\n<li><strong>Carlos Sainz:<\/strong>\u00a0Maestro y Coordinador de Tiempo Libre, director de Bah\u00eda de Santander Ecoturismo y Educaci\u00f3n Ambiental y responsable del Proyecto de Recuperaci\u00f3n del \u00e1guila pescadora en Cantabria. Encargado de los talleres-excursi\u00f3n \u201c<em>Marismas y estuarios de Cantabria<\/em>\u201d y \u201c<em>Aves acu\u00e1ticas<\/em>\u201d.<\/li>\n<li><strong>Fernando Santa Cecilia Mateos<\/strong>: Ge\u00f3grafo y profesor en la Facultad de Educaci\u00f3n de la UAM. Se encarg\u00f3 de la excursi\u00f3n a la Sierra del Rinc\u00f3n.<\/li>\n<li><strong>Ana E. Santamar\u00eda<\/strong>: Bi\u00f3loga especializada en Ecolog\u00eda y t\u00e9cnico de WWF Espa\u00f1a. Se encarg\u00f3 del taller \u201c<em>Biodiversidad: \u00bfc\u00f3mo estudiamos la flora y la fauna?<\/em>\u201d.<\/li>\n<li><strong>Jes\u00fas del Valle P\u00e9rez<\/strong>: Ingeniero agr\u00f3nomo, profesor en el Colegio Sierra Pambley (Hospital de \u00d3rbigo). Encargado de los talleres-excursi\u00f3n\u00a0<em>\u201cUna ma\u00f1ana en el huerto\u201d\u00a0<\/em>y \u201c<em>De la tierra al plato: ciencia en nuestra boca<\/em>\u201d<\/li>\n<li><strong>Sixto Veledo Fern\u00e1ndez<\/strong>: Maestro en el Colegio Sierra Pambley (Hospital de \u00d3rbigo). Encargado de la excursi\u00f3n al r\u00edo \u00d3rbigo.<\/li>\n<\/ul>\n\n\t\t<\/div>\n\t<\/div>\n<div class=\"vc_empty_space\"   style=\"height: 32px\"><span class=\"vc_empty_space_inner\"><\/span><\/div>\n\t<div class=\"wpb_text_column wpb_content_element\" >\n\t\t<div class=\"wpb_wrapper\">\n\t\t\t<h2><span style=\"font-size: 21px; color: #007da9;\"><strong>MONITORES\/AS DE TIEMPO LIBRE<\/strong><\/span><\/h2>\n\n\t\t<\/div>\n\t<\/div>\n<div class=\"vc_empty_space\"   style=\"height: 12px\"><span class=\"vc_empty_space_inner\"><\/span><\/div>\n\t<div class=\"wpb_text_column wpb_content_element\" >\n\t\t<div class=\"wpb_wrapper\">\n\t\t\t<ul>\n<li><strong>Daniel Castro Veledo<\/strong>: monitor de tiempo libre en el Colegio Sierra Pambley de Hospital de \u00d3rbigo. Particip\u00f3 desallorando labores de monitor en los talleres-excursiones en Le\u00f3n.<\/li>\n<li><strong>Pablo Cubo<\/strong>: Graduado en Historia y monitor de tiempo libre formado en la Escuela de Animaci\u00f3n y Tiempo Libre \u201cFrancisco Giner de los R\u00edos\u201d. Se encarg\u00f3 de realizar labores de monitor de tiempo libre en varias excursiones en Madrid.<\/li>\n<li><strong>Itziar D\u00edaz-Delgado<\/strong>: Ambient\u00f3loga y Ge\u00f3grafa especializada en sostenibilidad ambiental y monitora de tiempo libre formada en la Escuela de Animaci\u00f3n y Tiempo Libre \u201cFrancisco Giner de los R\u00edos\u201d. Se encarg\u00f3 de realizar labores de monitora de tiempo libre en varios talleres y excursiones en Madrid.<\/li>\n<li><strong>Mar\u00eda Gonz\u00e1lez Garc\u00eda<\/strong>: Doctora en Geograf\u00eda, profesora de secundaria y monitora de divulgaci\u00f3n ambiental. Monitora de los talleres-excursi\u00f3n \u201c<em>Paisajes de Mar: Cultura Oce\u00e1nica<\/em>\u201d y \u201c<em>Paisajes de Tierra: mirando a la costa<\/em>\u201d junto a Juanjo Gonz\u00e1lez-Trueba en San Vicente de la Barquera.<\/li>\n<li><strong>Alberto Gonz\u00e1lez Perr\u00f3n<\/strong>: T\u00e9cnico de deportes y animaci\u00f3n, t\u00e9cnico de emergencias, y monitor de tiempo libre formado en la Escuela de Animaci\u00f3n y Tiempo Libre \u201cFrancisco Giner de los R\u00edos\u201d. Se encarg\u00f3 de realizar labores de monitor de tiempo libre en varias excursiones en Madrid.<\/li>\n<li><strong>Fernando Lacasa Heydt:\u00a0<\/strong>Grado Superior de Formaci\u00f3n Profesional en Educaci\u00f3n y Control Ambiental en el Instituto de Educaci\u00f3n Secundaria Foramontanos de Cabez\u00f3n de la Sal. Se encarg\u00f3 de realizar labores de monitor de tiempo libre en los talleres-excursi\u00f3n \u201c<em>Marismas y estuarios de Cantabria<\/em>\u201d y \u201c<em>Aves acu\u00e1ticas<\/em>\u201d en San Vicente de la Barquera.<\/li>\n<li><strong>Concepci\u00f3n Sahelices D\u00edez<\/strong>: Trabajadora de la Fundaci\u00f3n Sierra Pambley. Se encarg\u00f3 de realizar labores de monitora de tiempo libre en varios talleres y excursiones en Le\u00f3n.<\/li>\n<li><strong>Teresa Sastre Ferrer<\/strong>: Estudiante de Ciencias Ambientales y Geograf\u00eda en la UAM y monitora de tiempo libre formada en la Escuela de Animaci\u00f3n y Tiempo Libre \u201cFrancisco Giner de los R\u00edos\u201d. Se encarg\u00f3 de realizar labores de monitora de tiempo libre en varios talleres y excursiones en Madrid.<\/li>\n<li><strong>Luc\u00eda Taibo<\/strong>: Estudiante de Maestra de Educaci\u00f3n Primaria en la Universidad Antonio de Nebrija y monitora de tiempo libre formada en la Escuela de Animaci\u00f3n y Tiempo Libre \u201cFrancisco Giner de los R\u00edos\u201d. Se encarg\u00f3 de realizar labores de monitora de tiempo libre en varios talleres y excursiones.<\/li>\n<li><strong>Luisa Traseira Santos<\/strong>: Licenciada en Historia por la Universidad de Le\u00f3n y responsable del Archivo y la Biblioteca Azc\u00e1rate de la Fundaci\u00f3n Sierra Pambley. Se encarg\u00f3 de realizar labores de monitora de tiempo libre en varios talleres y excursiones en Le\u00f3n.<\/li>\n<li style=\"list-style-type: none;\"><\/li>\n<\/ul>\n\n\t\t<\/div>\n\t<\/div>\n<div class=\"vc_empty_space\"   style=\"height: 40px\"><span class=\"vc_empty_space_inner\"><\/span><\/div><\/div><\/div><\/div><\/div><div class=\"wpb_column vc_column_container vc_col-sm-2 liquid-column-69e780833c1bb\"><div class=\"vc_column-inner\"><div class=\"wpb_wrapper\"   ><div class=\"wpb_wrapper-inner\"><\/div><\/div><\/div><\/div><\/div><\/div><\/section>\n<\/div>","protected":false},"excerpt":{"rendered":"Equipo de trabajoAprender ciencia\/Hacer ciencia (En la naturaleza)Abril - Septiembre 2023 EQUIPO ORGANIZADOR Elisa Navas....","protected":false},"author":1,"featured_media":0,"parent":0,"menu_order":0,"comment_status":"closed","ping_status":"closed","template":"","meta":{"_acf_changed":false,"footnotes":""},"class_list":["post-10783","page","type-page","status-publish","hentry"],"acf":[],"_links":{"self":[{"href":"https:\/\/prueba.fundacionginer.org\/en\/wp-json\/wp\/v2\/pages\/10783","targetHints":{"allow":["GET"]}}],"collection":[{"href":"https:\/\/prueba.fundacionginer.org\/en\/wp-json\/wp\/v2\/pages"}],"about":[{"href":"https:\/\/prueba.fundacionginer.org\/en\/wp-json\/wp\/v2\/types\/page"}],"author":[{"embeddable":true,"href":"https:\/\/prueba.fundacionginer.org\/en\/wp-json\/wp\/v2\/users\/1"}],"replies":[{"embeddable":true,"href":"https:\/\/prueba.fundacionginer.org\/en\/wp-json\/wp\/v2\/comments?post=10783"}],"version-history":[{"count":12,"href":"https:\/\/prueba.fundacionginer.org\/en\/wp-json\/wp\/v2\/pages\/10783\/revisions"}],"predecessor-version":[{"id":10801,"href":"https:\/\/prueba.fundacionginer.org\/en\/wp-json\/wp\/v2\/pages\/10783\/revisions\/10801"}],"wp:attachment":[{"href":"https:\/\/prueba.fundacionginer.org\/en\/wp-json\/wp\/v2\/media?parent=10783"}],"curies":[{"name":"wp","href":"https:\/\/api.w.org\/{rel}","templated":true}]}}